{"id":10700,"date":"2022-02-28T22:01:09","date_gmt":"2022-02-28T21:01:09","guid":{"rendered":"https:\/\/www.polideas.it\/?post_type=product&#038;p=10700"},"modified":"2025-02-03T14:01:58","modified_gmt":"2025-02-03T13:01:58","slug":"pie-cilindrico-para-el-diseno-del-armario-2","status":"publish","type":"product","link":"https:\/\/www.polideas.it\/es\/en-2\/pies-y-pies-moviles\/pie-cilindrico-para-el-diseno-del-armario-2\/","title":{"rendered":"Pie cil\u00edndrico - Pie para el dise\u00f1o de muebles - H120"},"content":{"rendered":"<p>Para personalizar muebles y armarios, lo ideal es optar por unos <strong>pies s\u00f3lidos y robustos<\/strong>pero que encajan perfectamente en el estilo de la propia casa.<\/p>\n<p>De hecho, los pies representan ese detalle \u00fanico y reconocible que permite uniformar las estancias sin renunciar a la elegancia.<\/p>\n<p><strong>Pie cil\u00edndrico Polideas<\/strong>con su forma compacta y cil\u00edndrica, es el complemento ideal de los muebles m\u00e1s modernos y sofisticados, gracias a su refinado dise\u00f1o.<\/p>\n<p>Disponible en cromo pulido, <strong>El cilindro tiene dos alturas diferentes - 100 mm y 120 mm -.<\/strong> que le permiten elegir la mejor soluci\u00f3n para cada necesidad.<\/p>","protected":false},"excerpt":{"rendered":"<p>Per personalizzare mobili e mobiletti, l\u2019ideale \u00e8 puntare su dei piedini solidi e robusti, ma che si adattino perfettamente allo stile della propria casa. I piedini rappresentano infatti quel dettaglio unico e riconoscibile che permette di uniformare gli ambienti senza rinunciare all\u2019eleganza. Piedino Cilindro di Polideas, con la sua forma cilindrica e compatta, \u00e8 il [&#8230;]\n","protected":false},"featured_media":13925,"comment_status":"closed","ping_status":"closed","template":"","meta":{"_acf_changed":false},"product_brand":[],"product_cat":[58],"product_tag":[3358,3359,3360,3361,3362,3363,3364],"class_list":{"0":"post-10700","1":"product","2":"type-product","3":"status-publish","4":"has-post-thumbnail","6":"product_cat-piedini-e-piedi-mobili","7":"product_tag-piede-per-mobile","8":"product_tag-piedini-per-mobili","9":"product_tag-piedino-design-mobile","10":"product_tag-piedino-mobile","11":"product_tag-piedino-mobile-cucina","12":"product_tag-piedino-mobile-salotto","13":"product_tag-piedino-mobile-soggiorno","15":"first","16":"instock","17":"taxable","18":"shipping-taxable","19":"purchasable","20":"product-type-simple"},"acf":[],"_links":{"self":[{"href":"https:\/\/www.polideas.it\/es\/wp-json\/wp\/v2\/product\/10700","targetHints":{"allow":["GET"]}}],"collection":[{"href":"https:\/\/www.polideas.it\/es\/wp-json\/wp\/v2\/product"}],"about":[{"href":"https:\/\/www.polideas.it\/es\/wp-json\/wp\/v2\/types\/product"}],"replies":[{"embeddable":true,"href":"https:\/\/www.polideas.it\/es\/wp-json\/wp\/v2\/comments?post=10700"}],"wp:featuredmedia":[{"embeddable":true,"href":"https:\/\/www.polideas.it\/es\/wp-json\/wp\/v2\/media\/13925"}],"wp:attachment":[{"href":"https:\/\/www.polideas.it\/es\/wp-json\/wp\/v2\/media?parent=10700"}],"wp:term":[{"taxonomy":"product_brand","embeddable":true,"href":"https:\/\/www.polideas.it\/es\/wp-json\/wp\/v2\/product_brand?post=10700"},{"taxonomy":"product_cat","embeddable":true,"href":"https:\/\/www.polideas.it\/es\/wp-json\/wp\/v2\/product_cat?post=10700"},{"taxonomy":"product_tag","embeddable":true,"href":"https:\/\/www.polideas.it\/es\/wp-json\/wp\/v2\/product_tag?post=10700"}],"curies":[{"name":"wp","href":"https:\/\/api.w.org\/{rel}","templated":true}]}}