{"id":10703,"date":"2022-02-28T22:01:10","date_gmt":"2022-02-28T21:01:10","guid":{"rendered":"https:\/\/www.polideas.it\/?post_type=product&#038;p=10703"},"modified":"2026-02-16T08:52:55","modified_gmt":"2026-02-16T07:52:55","slug":"air-big-foot-para-el-diseno-de-muebles","status":"publish","type":"product","link":"https:\/\/www.polideas.it\/es\/en-2\/pies-y-pies-moviles\/air-big-foot-para-el-diseno-de-muebles\/","title":{"rendered":"Air Big Foot - Pie para el dise\u00f1o de muebles"},"content":{"rendered":"<p>Para personalizar muebles y armarios, lo ideal es optar por unos <strong>pies s\u00f3lidos y robustos<\/strong>pero que encajan perfectamente en el estilo de la propia casa.<\/p>\n<p>De hecho, los pies representan ese detalle \u00fanico y reconocible que permite uniformar las estancias sin renunciar a la elegancia.<\/p>\n<p><strong>Air Big foot de Polideas<\/strong> es el complemento ideal para muebles m\u00e1s modernos, pero tambi\u00e9n para a\u00f1adir ese toque extra a muebles de dise\u00f1o m\u00e1s tradicional, gracias a su dise\u00f1o ligero y aireado.<\/p>\n<p>Disponible en versi\u00f3n transparente, <strong>Air Big tiene una altura de 250 mm <\/strong>y un di\u00e1metro<strong> de 70 mm.<\/strong><\/p>","protected":false},"excerpt":{"rendered":"<p>&nbsp;<\/p>\n<p>&nbsp;<\/p>","protected":false},"featured_media":13872,"comment_status":"closed","ping_status":"closed","template":"","meta":{"_acf_changed":false},"product_brand":[],"product_cat":[58],"product_tag":[3358,3359,3360,3361,3362,3363,3364,3410],"class_list":{"0":"post-10703","1":"product","2":"type-product","3":"status-publish","4":"has-post-thumbnail","6":"product_cat-piedini-e-piedi-mobili","7":"product_tag-piede-per-mobile","8":"product_tag-piedini-per-mobili","9":"product_tag-piedino-design-mobile","10":"product_tag-piedino-mobile","11":"product_tag-piedino-mobile-cucina","12":"product_tag-piedino-mobile-salotto","13":"product_tag-piedino-mobile-soggiorno","14":"product_tag-piedino-mobile-trasparente","16":"first","17":"instock","18":"taxable","19":"shipping-taxable","20":"purchasable","21":"product-type-simple"},"acf":[],"_links":{"self":[{"href":"https:\/\/www.polideas.it\/es\/wp-json\/wp\/v2\/product\/10703","targetHints":{"allow":["GET"]}}],"collection":[{"href":"https:\/\/www.polideas.it\/es\/wp-json\/wp\/v2\/product"}],"about":[{"href":"https:\/\/www.polideas.it\/es\/wp-json\/wp\/v2\/types\/product"}],"replies":[{"embeddable":true,"href":"https:\/\/www.polideas.it\/es\/wp-json\/wp\/v2\/comments?post=10703"}],"wp:featuredmedia":[{"embeddable":true,"href":"https:\/\/www.polideas.it\/es\/wp-json\/wp\/v2\/media\/13872"}],"wp:attachment":[{"href":"https:\/\/www.polideas.it\/es\/wp-json\/wp\/v2\/media?parent=10703"}],"wp:term":[{"taxonomy":"product_brand","embeddable":true,"href":"https:\/\/www.polideas.it\/es\/wp-json\/wp\/v2\/product_brand?post=10703"},{"taxonomy":"product_cat","embeddable":true,"href":"https:\/\/www.polideas.it\/es\/wp-json\/wp\/v2\/product_cat?post=10703"},{"taxonomy":"product_tag","embeddable":true,"href":"https:\/\/www.polideas.it\/es\/wp-json\/wp\/v2\/product_tag?post=10703"}],"curies":[{"name":"wp","href":"https:\/\/api.w.org\/{rel}","templated":true}]}}