{"id":10721,"date":"2022-02-28T22:01:12","date_gmt":"2022-02-28T21:01:12","guid":{"rendered":"https:\/\/www.polideas.it\/?post_type=product&#038;p=10721"},"modified":"2025-02-03T09:48:33","modified_gmt":"2025-02-03T08:48:33","slug":"pasacables-all-in-pasacables-de-oficina","status":"publish","type":"product","link":"https:\/\/www.polideas.it\/es\/en-2\/mobiliario\/pasacables-all-in-pasacables-de-oficina\/","title":{"rendered":"All In - Pasacables para escritorio de oficina"},"content":{"rendered":"<p>\u00bfCu\u00e1ntas veces se ha encontrado con cables volando en su dormitorio o sal\u00f3n? Cables de televisi\u00f3n, de radio, de PC... Es f\u00e1cil acabar con aut\u00e9nticas mara\u00f1as de cables que, adem\u00e1s de antiest\u00e9ticas, son peligrosas.<\/p>\n<p>Con la <strong>Pasacables Polideas All In<\/strong> puede decir adi\u00f3s a las pistas volantes.<\/p>\n<p>Con su <strong>efecto met\u00e1lico<\/strong> garantiza la m\u00e1xima comodidad de uso junto con un estilo esencial y refinado, perfecto en cualquier entorno, y lo convierte en un complemento de dise\u00f1o imprescindible en cualquier hogar.<\/p>","protected":false},"excerpt":{"rendered":"<p>Quante volte vi siete ritrovati con dei cavi volanti in camera da letto o in salotto? Cavi della tv, della radio, del pc\u2026E\u2019 facile ritrovarsi veri e propri grovigli di fili che, oltre ad essere antiestetici, sono anche pericolosi. Con il Passacavi ad incastro All In di Polideas potete dire addio ai cavi volanti. Con [&#8230;]","protected":false},"featured_media":4185,"comment_status":"closed","ping_status":"closed","template":"","meta":{"_acf_changed":false},"product_brand":[],"product_cat":[2012],"product_tag":[3438,3439,3440,3441,3442,3443,3444,3445,3446],"class_list":{"0":"post-10721","1":"product","2":"type-product","3":"status-publish","4":"has-post-thumbnail","6":"product_cat-complementi-di-arredo","7":"product_tag-passa-cavi-scrivania","8":"product_tag-passacavi-ad-incastro","9":"product_tag-passacavi-computer-scrivania","10":"product_tag-passacavi-da-scrivania","11":"product_tag-passacavi-interasse-59-mm","12":"product_tag-passacavi-scrivania","13":"product_tag-passacavi-scrivania-design","14":"product_tag-passacavi-tavolo","15":"product_tag-passacavi-workstation-scrivania","17":"first","18":"instock","19":"taxable","20":"shipping-taxable","21":"purchasable","22":"product-type-simple"},"acf":[],"_links":{"self":[{"href":"https:\/\/www.polideas.it\/es\/wp-json\/wp\/v2\/product\/10721","targetHints":{"allow":["GET"]}}],"collection":[{"href":"https:\/\/www.polideas.it\/es\/wp-json\/wp\/v2\/product"}],"about":[{"href":"https:\/\/www.polideas.it\/es\/wp-json\/wp\/v2\/types\/product"}],"replies":[{"embeddable":true,"href":"https:\/\/www.polideas.it\/es\/wp-json\/wp\/v2\/comments?post=10721"}],"wp:featuredmedia":[{"embeddable":true,"href":"https:\/\/www.polideas.it\/es\/wp-json\/wp\/v2\/media\/4185"}],"wp:attachment":[{"href":"https:\/\/www.polideas.it\/es\/wp-json\/wp\/v2\/media?parent=10721"}],"wp:term":[{"taxonomy":"product_brand","embeddable":true,"href":"https:\/\/www.polideas.it\/es\/wp-json\/wp\/v2\/product_brand?post=10721"},{"taxonomy":"product_cat","embeddable":true,"href":"https:\/\/www.polideas.it\/es\/wp-json\/wp\/v2\/product_cat?post=10721"},{"taxonomy":"product_tag","embeddable":true,"href":"https:\/\/www.polideas.it\/es\/wp-json\/wp\/v2\/product_tag?post=10721"}],"curies":[{"name":"wp","href":"https:\/\/api.w.org\/{rel}","templated":true}]}}