{"id":10722,"date":"2022-02-28T22:01:12","date_gmt":"2022-02-28T21:01:12","guid":{"rendered":"https:\/\/www.polideas.it\/?post_type=product&#038;p=10722"},"modified":"2025-02-03T10:34:39","modified_gmt":"2025-02-03T09:34:39","slug":"soporte-de-estanteria-de-diseno-lacado-en-blanco","status":"publish","type":"product","link":"https:\/\/www.polideas.it\/es\/en-2\/mobiliario\/soporte-de-estanteria-de-diseno-lacado-en-blanco\/","title":{"rendered":"Soporte de estanter\u00eda - Soporte de estanter\u00eda de dise\u00f1o - Lacado en blanco"},"content":{"rendered":"<p><strong>Los estantes<\/strong> siempre han sido los mejores aliados de quienes desean amueblar su casa con estilo, pero cuidando al m\u00e1ximo el espacio.<\/p>\n<p>Fue inspirado por las necesidades de los consumidores que el <strong>soporte de estanter\u00eda de Polideas<\/strong>El complemento ideal para personalizar las estanter\u00edas de su hogar, sobre todo si se caracterizan por un estilo moderno y esencial.<\/p>\n<p>Disponible en <strong>efecto aluminio, color opalino efecto cristal satinado y acabado lacado blanco, <\/strong>es ideal para completar el mobiliario de salones, salas de estar y dormitorios, personalizando las estancias de forma refinada y esencial.<\/p>","protected":false},"excerpt":{"rendered":"<p>Le mensole sono da sempre le migliori alleate di chi desidera arredare la propria casa con stile, ma facendo attenzione a sfruttare al meglio gli spazi. E\u2019 ispirandosi alle esigenze dei consumatori che nasce il reggimensola di Polideas: il complemento ideale per personalizzare le mensole di casa, soprattutto se caratterizzate da uno stile moderno ed [&#8230;]","protected":false},"featured_media":13973,"comment_status":"closed","ping_status":"closed","template":"","meta":{"_acf_changed":false},"product_brand":[],"product_cat":[2012],"product_tag":[3447,3448,3449,3450,3451],"class_list":{"0":"post-10722","1":"product","2":"type-product","3":"status-publish","4":"has-post-thumbnail","6":"product_cat-complementi-di-arredo","7":"product_tag-reggi-mensola-camera","8":"product_tag-reggi-mensola-soggiorno","9":"product_tag-reggimensola-arredo","10":"product_tag-reggimensola-cameretta","11":"product_tag-reggimensola-design","13":"first","14":"instock","15":"taxable","16":"shipping-taxable","17":"purchasable","18":"product-type-simple"},"acf":[],"_links":{"self":[{"href":"https:\/\/www.polideas.it\/es\/wp-json\/wp\/v2\/product\/10722","targetHints":{"allow":["GET"]}}],"collection":[{"href":"https:\/\/www.polideas.it\/es\/wp-json\/wp\/v2\/product"}],"about":[{"href":"https:\/\/www.polideas.it\/es\/wp-json\/wp\/v2\/types\/product"}],"replies":[{"embeddable":true,"href":"https:\/\/www.polideas.it\/es\/wp-json\/wp\/v2\/comments?post=10722"}],"wp:featuredmedia":[{"embeddable":true,"href":"https:\/\/www.polideas.it\/es\/wp-json\/wp\/v2\/media\/13973"}],"wp:attachment":[{"href":"https:\/\/www.polideas.it\/es\/wp-json\/wp\/v2\/media?parent=10722"}],"wp:term":[{"taxonomy":"product_brand","embeddable":true,"href":"https:\/\/www.polideas.it\/es\/wp-json\/wp\/v2\/product_brand?post=10722"},{"taxonomy":"product_cat","embeddable":true,"href":"https:\/\/www.polideas.it\/es\/wp-json\/wp\/v2\/product_cat?post=10722"},{"taxonomy":"product_tag","embeddable":true,"href":"https:\/\/www.polideas.it\/es\/wp-json\/wp\/v2\/product_tag?post=10722"}],"curies":[{"name":"wp","href":"https:\/\/api.w.org\/{rel}","templated":true}]}}