{"id":10727,"date":"2022-02-28T22:01:34","date_gmt":"2022-02-28T21:01:34","guid":{"rendered":"https:\/\/www.polideas.it\/?post_type=product&#038;p=10727"},"modified":"2026-03-10T12:10:09","modified_gmt":"2026-03-10T11:10:09","slug":"mueble-de-bano-grande-con-cajon-organizador-de-3-compartimentos","status":"publish","type":"product","link":"https:\/\/www.polideas.it\/es\/en-2\/pomos-de-bano-tiradores\/mueble-de-bano-grande-con-cajon-organizador-de-3-compartimentos\/","title":{"rendered":"Armario de ba\u00f1o BIG de 3 compartimentos - organizador de cajones para armarios de ba\u00f1o"},"content":{"rendered":"<p>He aqu\u00ed el complemento perfecto para mantener siempre ordenados sus accesorios y art\u00edculos de tocador, pero tambi\u00e9n su maquillaje: el <strong>Cabina de ba\u00f1o BIG de 3 compartimentos de Polideas.<\/strong><\/p>\n<p>Con un estilo esencial y una practicidad insuperable, tiene <strong>3 compartimentos espaciosos y c\u00f3modos<\/strong> de diferentes tama\u00f1os donde podr\u00e1 guardar jabones, productos de higiene y peque\u00f1os accesorios, manteni\u00e9ndolos ordenados y separados unos de otros.<\/p>\n<p>Perfecto para tener sobre el lavabo o en el borde de la ba\u00f1era siempre a mano, el <strong>BIG Caja de ba\u00f1o de 3 compartimentos<\/strong> tambi\u00e9n es ideal para guardarla en cajones y sacarla cuando se necesite.<\/p>\n<p>Elegante, en su tono transparente con efecto de cristal ahumado, es amplio pero ocupa poco espacio gracias a una anchura de 300 mm.<\/p>","protected":false},"excerpt":{"rendered":"<p>Ecco il complemento perfetto per tenere sempre in ordine gli accessori e i prodotti da bagno, ma anche il make up: \u00e8 il box bagno BIG 3 comparti di Polideas. Con uno stile essenziale e una praticit\u00e0 imbattibile, ha 3 ampi e comodi comparti di differenti dimensioni dove riporre saponi, prodotti per l\u2019igiene e piccoli [&#8230;]\n","protected":false},"featured_media":3396,"comment_status":"closed","ping_status":"closed","template":"","meta":{"_acf_changed":false},"product_brand":[],"product_cat":[2012,62],"product_tag":[3456,3415,3416,3458,3459,3460,3419,3461,3422],"class_list":{"0":"post-10727","1":"product","2":"type-product","3":"status-publish","4":"has-post-thumbnail","6":"product_cat-complementi-di-arredo","7":"product_cat-maniglie-pomelli-bagno","8":"product_tag-accessori-cassetti-bagno","9":"product_tag-box-cassettiera","10":"product_tag-box-prodotti-bagno-cassetto","11":"product_tag-contenitore-prodotti-bagno-cassetto","12":"product_tag-divisori-cassetti-bagno","13":"product_tag-divisori-cassetto-bagno","14":"product_tag-divisorio-cassetto","15":"product_tag-organizer-cassetto-bagno","16":"product_tag-organizer-per-cassetti","18":"first","19":"instock","20":"taxable","21":"shipping-taxable","22":"purchasable","23":"product-type-simple"},"acf":[],"_links":{"self":[{"href":"https:\/\/www.polideas.it\/es\/wp-json\/wp\/v2\/product\/10727","targetHints":{"allow":["GET"]}}],"collection":[{"href":"https:\/\/www.polideas.it\/es\/wp-json\/wp\/v2\/product"}],"about":[{"href":"https:\/\/www.polideas.it\/es\/wp-json\/wp\/v2\/types\/product"}],"replies":[{"embeddable":true,"href":"https:\/\/www.polideas.it\/es\/wp-json\/wp\/v2\/comments?post=10727"}],"wp:featuredmedia":[{"embeddable":true,"href":"https:\/\/www.polideas.it\/es\/wp-json\/wp\/v2\/media\/3396"}],"wp:attachment":[{"href":"https:\/\/www.polideas.it\/es\/wp-json\/wp\/v2\/media?parent=10727"}],"wp:term":[{"taxonomy":"product_brand","embeddable":true,"href":"https:\/\/www.polideas.it\/es\/wp-json\/wp\/v2\/product_brand?post=10727"},{"taxonomy":"product_cat","embeddable":true,"href":"https:\/\/www.polideas.it\/es\/wp-json\/wp\/v2\/product_cat?post=10727"},{"taxonomy":"product_tag","embeddable":true,"href":"https:\/\/www.polideas.it\/es\/wp-json\/wp\/v2\/product_tag?post=10727"}],"curies":[{"name":"wp","href":"https:\/\/api.w.org\/{rel}","templated":true}]}}