{"id":10728,"date":"2022-02-28T22:01:34","date_gmt":"2022-02-28T21:01:34","guid":{"rendered":"https:\/\/www.polideas.it\/?post_type=product&#038;p=10728"},"modified":"2025-02-05T08:29:10","modified_gmt":"2025-02-05T07:29:10","slug":"estuche-maquillaje-4-cajones-organizador-dream-joy-acabado-gris","status":"publish","type":"product","link":"https:\/\/www.polideas.it\/es\/en-2\/mobiliario\/estuche-maquillaje-4-cajones-organizador-dream-joy-acabado-gris\/","title":{"rendered":"Dream Joy Caja de maquillaje de 4 cajones - Organizador - Acabado gris"},"content":{"rendered":"<div><span class=\"il\">C\u00f3moda<\/span>\u00a0cart\u00f3n r\u00edgido revestido con 4 cajones personalizables<\/div>\n<div>Elemento de imagen y escaparate, tambi\u00e9n adecuado para ropa interior, joyer\u00eda en general, papeler\u00eda, maquillaje, etc.<\/div>\n<div>Tambi\u00e9n v\u00e1lido como gadget de regalo.<\/div>\n<div>Cart\u00f3n troquelado y recubierto.<\/div>\n<div><\/div>\n<div>Esta c\u00f3moda es perfecta no s\u00f3lo para el maquillaje, sino tambi\u00e9n para joyas, herramientas de decoupage o material de oficina. \u00a1H\u00e1gala suya ahora y ordene lo que quiera!<\/div>\n<div>Los pomos de nuestros cajones son f\u00e1cilmente sustituibles por otros de su elecci\u00f3n con un tornillo de fijaci\u00f3n M4<\/div>\n<div><\/div>\n<div>Dentro de cada caj\u00f3n individual se encuentra nuestro organizador 908 de 3 compartimentos, para saber m\u00e1s visite <a href=\"https:\/\/www.polideas.it\/it\/maniglie-pomelli-bagno\/box-bagno-3-comparti-908\/\">enlace<\/a><\/div>\n<div><\/div>\n<div><a href=\"https:\/\/www.polideas.it\/it\/maniglie-pomelli-bagno\/box-bagno-3-comparti-908\/\">Organizador 908<\/a><\/div>\n<div><\/div>\n<div><\/div>\n<div>\n<div>Color: Gris<\/div>\n<div>Material: cart\u00f3n troquelado y recubierto<\/div>\n<div>Dimensiones totales: 308 x 163 x 232 mm (ancho x fondo x alto) sin incluir los pomos<\/div>\n<div>Peso del producto: 1 kg<\/div>\n<div>Completamente fabricado en Italia<\/div>\n<\/div>\n<div><\/div>\n<div>En la galer\u00eda hay fotos s\u00f3lo con fines ilustrativos con diferentes pomos y con materiales insertados que no forman parte de la venta.<\/div>\n<div><\/div>","protected":false},"excerpt":{"rendered":"<p>Cassettiera\u00a0rigida in cartone rivestito con 4 cassetti personalizzabili Elemento d\u2019immagine e vetrina, adatto anche per intimo, gioielleria in genere, cancelleria, trucchi ecc\u2026 Valido anche come gadget da regalo. Cartone intonso fustellato e rivestito. Questa cassettiera \u00e8 perfetta non solo per trucchi, ma anche per gioielli, strumenti per il decoupage o articoli di cancelleria in ufficio. [&#8230;]\n","protected":false},"featured_media":9617,"comment_status":"closed","ping_status":"closed","template":"","meta":{"_acf_changed":false},"product_brand":[],"product_cat":[2012],"product_tag":[3464,3465,3466,3467,3468],"class_list":{"0":"post-10728","1":"product","2":"type-product","3":"status-publish","4":"has-post-thumbnail","6":"product_cat-complementi-di-arredo","7":"product_tag-cassetta-portatrucchi","8":"product_tag-cassettiera","9":"product_tag-cassettiera-4-cassetti","10":"product_tag-cassettiera-portatrucchi","11":"product_tag-organizer","13":"first","14":"instock","15":"taxable","16":"shipping-taxable","17":"purchasable","18":"product-type-simple"},"acf":[],"_links":{"self":[{"href":"https:\/\/www.polideas.it\/es\/wp-json\/wp\/v2\/product\/10728","targetHints":{"allow":["GET"]}}],"collection":[{"href":"https:\/\/www.polideas.it\/es\/wp-json\/wp\/v2\/product"}],"about":[{"href":"https:\/\/www.polideas.it\/es\/wp-json\/wp\/v2\/types\/product"}],"replies":[{"embeddable":true,"href":"https:\/\/www.polideas.it\/es\/wp-json\/wp\/v2\/comments?post=10728"}],"wp:featuredmedia":[{"embeddable":true,"href":"https:\/\/www.polideas.it\/es\/wp-json\/wp\/v2\/media\/9617"}],"wp:attachment":[{"href":"https:\/\/www.polideas.it\/es\/wp-json\/wp\/v2\/media?parent=10728"}],"wp:term":[{"taxonomy":"product_brand","embeddable":true,"href":"https:\/\/www.polideas.it\/es\/wp-json\/wp\/v2\/product_brand?post=10728"},{"taxonomy":"product_cat","embeddable":true,"href":"https:\/\/www.polideas.it\/es\/wp-json\/wp\/v2\/product_cat?post=10728"},{"taxonomy":"product_tag","embeddable":true,"href":"https:\/\/www.polideas.it\/es\/wp-json\/wp\/v2\/product_tag?post=10728"}],"curies":[{"name":"wp","href":"https:\/\/api.w.org\/{rel}","templated":true}]}}