{"id":10441,"date":"2022-02-28T21:57:03","date_gmt":"2022-02-28T20:57:03","guid":{"rendered":"https:\/\/www.polideas.it\/?post_type=product&#038;p=10441"},"modified":"2025-01-31T15:15:13","modified_gmt":"2025-01-31T14:15:13","slug":"bouton-daisy-meubles-pour-enfants-effet-verre-depoli-bleu-clair","status":"publish","type":"product","link":"https:\/\/www.polideas.it\/fr\/fr-2\/boutons-et-poignees-pour-enfants-2\/bouton-daisy-meubles-pour-enfants-effet-verre-depoli-bleu-clair\/","title":{"rendered":"Bouton Daisy - Bouton de meuble pour enfant - Effet verre satin\u00e9 bleu clair"},"content":{"rendered":"<p>Elle porte un nom f\u00e9minin d\u00e9licat, le romantique <strong>Bouton Polideas<\/strong> en forme de fleur, avec une partie centrale blanche entour\u00e9e d'une corolle color\u00e9e.<\/p>\n<p>Parfaite pour les chambres de petites filles les plus soucieuses du d\u00e9tail, la <strong>Bouton de marguerite<\/strong> permet de renouveler le mobilier habituel de la chambre \u00e0 coucher de mani\u00e8re simple, gaie et color\u00e9e.<\/p>\n<p>Disponible en <strong>effet verre raffin\u00e9<\/strong> <strong>satin<\/strong> En bleu clair, fuchsia et opalin, le bouton Daisy pour enfants transforme toute chambre en un jardin de fleurs po\u00e9tique.<\/p>\n<p>Fabriqu\u00e9 en totale conformit\u00e9 avec la r\u00e9glementation europ\u00e9enne REACH, le bouton Daisy ne pr\u00e9sente pas d'ar\u00eates vives et garantit une s\u00e9curit\u00e9 maximale dans toutes les situations.<\/p>","protected":false},"excerpt":{"rendered":"<p>Le pommeau Polideas, en forme de fleur, porte un nom f\u00e9minin d\u00e9licat. Il est compos\u00e9 d'une partie centrale blanche entour\u00e9e d'une corolle color\u00e9e. Id\u00e9al pour les chambres des petites filles soucieuses du d\u00e9tail, le pommeau Daisy permet de renouveler facilement le mobilier habituel de la chambre, de mani\u00e8re joyeuse et color\u00e9e. Disponible dans une gamme raffin\u00e9e [\u2026]","protected":false},"featured_media":2744,"comment_status":"closed","ping_status":"closed","template":"","meta":{"_acf_changed":false},"product_brand":[],"product_cat":[24],"product_tag":[3119,3120,3112,3113,3114,3121,3122,3123,3115,3116,3124,3117,3118,3125,3126,3127,3128],"class_list":{"0":"post-10441","1":"product","2":"type-product","3":"status-publish","4":"has-post-thumbnail","6":"product_cat-maniglie-pomelli-bambini","7":"product_tag-pomelli-cameretta-bimba","8":"product_tag-pomelli-cameretta-bimbo","9":"product_tag-pomolo","10":"product_tag-pomolo-al-miglior-prezzo","11":"product_tag-pomolo-anta-mobile","12":"product_tag-pomolo-armadio","13":"product_tag-pomolo-bambini","14":"product_tag-pomolo-cameretta-bambini","15":"product_tag-pomolo-cassettiera","16":"product_tag-pomolo-cassetto","17":"product_tag-pomolo-cassetto-bambini","18":"product_tag-pomolo-mobile","19":"product_tag-pomolo-mobile-arredamento","20":"product_tag-pomolo-mobile-ragazza","21":"product_tag-pomolo-mobile-ragazzi","22":"product_tag-pomolo-mobili-bambina","23":"product_tag-pomolo-mobili-bambino","25":"first","26":"instock","27":"taxable","28":"shipping-taxable","29":"purchasable","30":"product-type-simple"},"acf":[],"_links":{"self":[{"href":"https:\/\/www.polideas.it\/fr\/wp-json\/wp\/v2\/product\/10441","targetHints":{"allow":["GET"]}}],"collection":[{"href":"https:\/\/www.polideas.it\/fr\/wp-json\/wp\/v2\/product"}],"about":[{"href":"https:\/\/www.polideas.it\/fr\/wp-json\/wp\/v2\/types\/product"}],"replies":[{"embeddable":true,"href":"https:\/\/www.polideas.it\/fr\/wp-json\/wp\/v2\/comments?post=10441"}],"wp:featuredmedia":[{"embeddable":true,"href":"https:\/\/www.polideas.it\/fr\/wp-json\/wp\/v2\/media\/2744"}],"wp:attachment":[{"href":"https:\/\/www.polideas.it\/fr\/wp-json\/wp\/v2\/media?parent=10441"}],"wp:term":[{"taxonomy":"product_brand","embeddable":true,"href":"https:\/\/www.polideas.it\/fr\/wp-json\/wp\/v2\/product_brand?post=10441"},{"taxonomy":"product_cat","embeddable":true,"href":"https:\/\/www.polideas.it\/fr\/wp-json\/wp\/v2\/product_cat?post=10441"},{"taxonomy":"product_tag","embeddable":true,"href":"https:\/\/www.polideas.it\/fr\/wp-json\/wp\/v2\/product_tag?post=10441"}],"curies":[{"name":"wp","href":"https:\/\/api.w.org\/{rel}","templated":true}]}}