{"id":10448,"date":"2022-02-28T21:57:04","date_gmt":"2022-02-28T20:57:04","guid":{"rendered":"https:\/\/www.polideas.it\/?post_type=product&#038;p=10448"},"modified":"2025-05-19T17:09:34","modified_gmt":"2025-05-19T15:09:34","slug":"petit-bouton-de-meuble-antiquise-effet-cuivre","status":"publish","type":"product","link":"https:\/\/www.polideas.it\/fr\/fr-2\/poignees-antiques-boutons\/petit-bouton-de-meuble-antiquise-effet-cuivre\/","title":{"rendered":"Antique Small - Bouton de meuble ancien - Effet cuivre"},"content":{"rendered":"<p>Petite, mais avec un caract\u00e8re bien d\u00e9fini : c'est la <strong>bouton antique Petit<\/strong> de Polideas.<\/p>\n<p>Con\u00e7ue pour personnaliser les meubles de la cuisine, de la chambre et du salon en leur donnant une touche r\u00e9tro, la collection <strong>bouton antique Petit<\/strong> est id\u00e9al pour unifier les pi\u00e8ces meubl\u00e9es dans un style classique, industriel ou campagnard.<\/p>\n<p>Disponible en version \u00e9l\u00e9gante <strong>effet bronze, effet cuivre et effet fer<\/strong>Le petit bouton assure une prise solide et s\u00fbre et, gr\u00e2ce \u00e0 une fabrication complexe et innovante qui allie les qualit\u00e9s esth\u00e9tiques du m\u00e9tal vieilli \u00e0 la praticit\u00e9 et \u00e0 l'ergonomie de mat\u00e9riaux plastiques de qualit\u00e9, il produit un effet d'antiquit\u00e9 unique.<\/p>\n<p>Avec un diam\u00e8tre de seulement 32 mm, il est id\u00e9al pour ajouter une touche de style aux petits meubles.<\/p>","protected":false},"excerpt":{"rendered":"<p>Piccolo, ma dal carattere ben definito: \u00e8 il pomello anticato Small di Polideas. Pensato per personalizzare i mobili di cucina, camere da letto e living dal sapore retr\u00f2, il pomello anticato Small \u00e8 l\u2019ideale per uniformare gli ambienti arredati in stile classico, industrial o country. Disponibile nelle eleganti versioni ad effetto bronzo, effetto rame ed [&#8230;]","protected":false},"featured_media":11145,"comment_status":"closed","ping_status":"closed","template":"","meta":{"_acf_changed":false},"product_brand":[],"product_cat":[72],"product_tag":[3136,3137,3131,3105,3138,3139,3107,3140,3141,3142,3143,3112,3113,3114,3115,3116,3117,3118],"class_list":{"0":"post-10448","1":"product","2":"type-product","3":"status-publish","4":"has-post-thumbnail","6":"product_cat-maniglie-pomoli-anticati","7":"product_tag-pomello-anticato","8":"product_tag-pomello-antico","9":"product_tag-pomello-cassetto","10":"product_tag-pomello-design","11":"product_tag-pomello-effetto-anticato","12":"product_tag-pomello-effetto-antico","13":"product_tag-pomello-mobile","14":"product_tag-pomello-per-mobile-antico","15":"product_tag-pomello-per-restaurazione-mobili","16":"product_tag-pomello-restauro-mobili","17":"product_tag-pomello-rustico","18":"product_tag-pomolo","19":"product_tag-pomolo-al-miglior-prezzo","20":"product_tag-pomolo-anta-mobile","21":"product_tag-pomolo-cassettiera","22":"product_tag-pomolo-cassetto","23":"product_tag-pomolo-mobile","24":"product_tag-pomolo-mobile-arredamento","26":"first","27":"instock","28":"taxable","29":"shipping-taxable","30":"purchasable","31":"product-type-simple"},"acf":[],"_links":{"self":[{"href":"https:\/\/www.polideas.it\/fr\/wp-json\/wp\/v2\/product\/10448","targetHints":{"allow":["GET"]}}],"collection":[{"href":"https:\/\/www.polideas.it\/fr\/wp-json\/wp\/v2\/product"}],"about":[{"href":"https:\/\/www.polideas.it\/fr\/wp-json\/wp\/v2\/types\/product"}],"replies":[{"embeddable":true,"href":"https:\/\/www.polideas.it\/fr\/wp-json\/wp\/v2\/comments?post=10448"}],"wp:featuredmedia":[{"embeddable":true,"href":"https:\/\/www.polideas.it\/fr\/wp-json\/wp\/v2\/media\/11145"}],"wp:attachment":[{"href":"https:\/\/www.polideas.it\/fr\/wp-json\/wp\/v2\/media?parent=10448"}],"wp:term":[{"taxonomy":"product_brand","embeddable":true,"href":"https:\/\/www.polideas.it\/fr\/wp-json\/wp\/v2\/product_brand?post=10448"},{"taxonomy":"product_cat","embeddable":true,"href":"https:\/\/www.polideas.it\/fr\/wp-json\/wp\/v2\/product_cat?post=10448"},{"taxonomy":"product_tag","embeddable":true,"href":"https:\/\/www.polideas.it\/fr\/wp-json\/wp\/v2\/product_tag?post=10448"}],"curies":[{"name":"wp","href":"https:\/\/api.w.org\/{rel}","templated":true}]}}