{"id":10459,"date":"2022-02-28T21:57:05","date_gmt":"2022-02-28T20:57:05","guid":{"rendered":"https:\/\/www.polideas.it\/?post_type=product&#038;p=10459"},"modified":"2025-02-19T10:24:22","modified_gmt":"2025-02-19T09:24:22","slug":"bouton-de-meuble-pour-enfant-effet-verre-depoli-couleur-opaline","status":"publish","type":"product","link":"https:\/\/www.polideas.it\/fr\/fr-2\/boutons-et-poignees-pour-enfants-2\/bouton-de-meuble-pour-enfant-effet-verre-depoli-couleur-opaline\/","title":{"rendered":"Doughnut - Bouton de meuble pour enfant - Effet verre satin\u00e9 couleur opaline"},"content":{"rendered":"<p>Les enfants gourmands s'unissent : le <strong>Donut en forme de pommeau pour enfants par Polideas<\/strong>!<\/p>\n<p>Inspir\u00e9 par la forme classique du g\u00e2teau, le <strong>Bouton de beignet<\/strong> est con\u00e7u pour remplacer les boutons de meubles classiques dans les chambres d'enfants en offrant une solution pratique, color\u00e9e et surtout s\u00fbre, car sa forme est sp\u00e9cialement con\u00e7ue pour les jeunes enfants.<\/p>\n<p>Disponible en <strong>abat-jour en verre d\u00e9poli<\/strong> Les couleurs bleu clair, opaline et fuchsia donnent \u00e0 la chambre d'enfant cette touche de sophistication et de gaiet\u00e9 qui la rend unique et agr\u00e9able \u00e0 vivre.<\/p>\n<p>Fabriqu\u00e9 en totale conformit\u00e9 avec le r\u00e8glement europ\u00e9en REACH, <strong>le bouton d'enfant Ciambella<\/strong> est d\u00e9pourvu d'ar\u00eates vives et garantit une s\u00e9curit\u00e9 maximale dans toutes les situations.<\/p>","protected":false},"excerpt":{"rendered":"<p>Chers enfants gourmands, unissez-vous : le pommeau Ciambella de Polideas est arriv\u00e9 ! Inspir\u00e9 de la forme classique de ce d\u00e9licieux g\u00e2teau, le pommeau Ciambella est con\u00e7u pour remplacer les pommeaux classiques des meubles de chambre d'enfant en offrant une solution pratique, color\u00e9e et surtout s\u00fbre, gr\u00e2ce \u00e0 sa forme sp\u00e9cialement \u00e9tudi\u00e9e pour les plus petits. Disponible dans les teintes effet [...]","protected":false},"featured_media":15822,"comment_status":"closed","ping_status":"closed","template":"","meta":{"_acf_changed":false},"product_brand":[],"product_cat":[24],"product_tag":[3119,3120,3112,3113,3114,3121,3122,3123,3115,3116,3124,3117,3118,3125,3126,3127,3128],"class_list":{"0":"post-10459","1":"product","2":"type-product","3":"status-publish","4":"has-post-thumbnail","6":"product_cat-maniglie-pomelli-bambini","7":"product_tag-pomelli-cameretta-bimba","8":"product_tag-pomelli-cameretta-bimbo","9":"product_tag-pomolo","10":"product_tag-pomolo-al-miglior-prezzo","11":"product_tag-pomolo-anta-mobile","12":"product_tag-pomolo-armadio","13":"product_tag-pomolo-bambini","14":"product_tag-pomolo-cameretta-bambini","15":"product_tag-pomolo-cassettiera","16":"product_tag-pomolo-cassetto","17":"product_tag-pomolo-cassetto-bambini","18":"product_tag-pomolo-mobile","19":"product_tag-pomolo-mobile-arredamento","20":"product_tag-pomolo-mobile-ragazza","21":"product_tag-pomolo-mobile-ragazzi","22":"product_tag-pomolo-mobili-bambina","23":"product_tag-pomolo-mobili-bambino","25":"first","26":"instock","27":"taxable","28":"shipping-taxable","29":"purchasable","30":"product-type-simple"},"acf":[],"_links":{"self":[{"href":"https:\/\/www.polideas.it\/fr\/wp-json\/wp\/v2\/product\/10459","targetHints":{"allow":["GET"]}}],"collection":[{"href":"https:\/\/www.polideas.it\/fr\/wp-json\/wp\/v2\/product"}],"about":[{"href":"https:\/\/www.polideas.it\/fr\/wp-json\/wp\/v2\/types\/product"}],"replies":[{"embeddable":true,"href":"https:\/\/www.polideas.it\/fr\/wp-json\/wp\/v2\/comments?post=10459"}],"wp:featuredmedia":[{"embeddable":true,"href":"https:\/\/www.polideas.it\/fr\/wp-json\/wp\/v2\/media\/15822"}],"wp:attachment":[{"href":"https:\/\/www.polideas.it\/fr\/wp-json\/wp\/v2\/media?parent=10459"}],"wp:term":[{"taxonomy":"product_brand","embeddable":true,"href":"https:\/\/www.polideas.it\/fr\/wp-json\/wp\/v2\/product_brand?post=10459"},{"taxonomy":"product_cat","embeddable":true,"href":"https:\/\/www.polideas.it\/fr\/wp-json\/wp\/v2\/product_cat?post=10459"},{"taxonomy":"product_tag","embeddable":true,"href":"https:\/\/www.polideas.it\/fr\/wp-json\/wp\/v2\/product_tag?post=10459"}],"curies":[{"name":"wp","href":"https:\/\/api.w.org\/{rel}","templated":true}]}}