{"id":10485,"date":"2022-02-28T21:57:30","date_gmt":"2022-02-28T20:57:30","guid":{"rendered":"https:\/\/www.polideas.it\/?post_type=product&#038;p=10485"},"modified":"2025-01-30T11:37:45","modified_gmt":"2025-01-30T10:37:45","slug":"poignee-fine-poignee-mobile-design-effet-aluminium","status":"publish","type":"product","link":"https:\/\/www.polideas.it\/fr\/fr-2\/poignees-de-salon\/poignee-fine-poignee-mobile-design-effet-aluminium\/","title":{"rendered":"Poign\u00e9e fine - Poign\u00e9e design mobile - Effet aluminium"},"content":{"rendered":"<p>Mince, mais avec un design unique et sophistiqu\u00e9 : c'est la <strong>poign\u00e9e<\/strong> <strong>Mince de Polideas<\/strong>.<\/p>\n<p>Gr\u00e2ce \u00e0 sa forme ergonomique particuli\u00e8re, il se pr\u00eate parfaitement \u00e0 <strong>moderniser le mobilier <\/strong>Il est \u00e9galement id\u00e9al pour apporter une touche de raffinement au mobilier de la chambre \u00e0 coucher, en assurant une bonne prise en main dans toutes les situations.<\/p>\n<p>Disponible en <strong>Finitions aluminium et chrome poli<\/strong>D'une largeur de 125 mm et d'une hauteur de 36 mm, il est le compl\u00e9ment id\u00e9al pour redonner vie aux meubles avec style et simplicit\u00e9.<\/p>\n<p>La <strong>poign\u00e9e Mince<\/strong> est le r\u00e9sultat d'une recherche continue combin\u00e9e \u00e0 l'attention typique des productions Made in Italy et est fabriqu\u00e9 avec des mat\u00e9riaux de premi\u00e8re qualit\u00e9 pour garantir une s\u00e9curit\u00e9 maximale \u00e0 tout moment.<\/p>","protected":false},"excerpt":{"rendered":"<p>Sottile ma dal design unico e ricercato: \u00e8 la maniglia Thin di Polideas. Con la sua particolare forma ergonomica, si presta perfettamente a modernizzare i mobili dell\u2019ingresso e della zona living, ma \u00e8 l\u2019ideale anche per dare un tocco di ricercatezza ai mobili della camera da letto, garantendo una presa salda e sicura in ogni [&#8230;]\n","protected":false},"featured_media":14577,"comment_status":"closed","ping_status":"closed","template":"","meta":{"_acf_changed":false},"product_brand":[],"product_cat":[47],"product_tag":[3149,3151,3173,3174,3152,3153,3175,3156,3100,3159,3160,3177,3178,3179],"class_list":{"0":"post-10485","1":"product","2":"type-product","3":"status-publish","4":"has-post-thumbnail","6":"product_cat-maniglie-pomelli-camera-soggiorno","7":"product_tag-maniglia","8":"product_tag-maniglia-anta-mobile","9":"product_tag-maniglia-anta-mobile-soggiorno","10":"product_tag-maniglia-anta-soggiorno","11":"product_tag-maniglia-cassettiera","12":"product_tag-maniglia-cassetto","13":"product_tag-maniglia-cassetto-soggiorno","14":"product_tag-maniglia-design","15":"product_tag-maniglia-mobile","16":"product_tag-maniglia-mobile-al-miglior-prezzo","17":"product_tag-maniglia-mobile-arredamento","18":"product_tag-maniglia-mobile-soggiorno","19":"product_tag-maniglia-per-mobile-soggiorno","20":"product_tag-maniglia-soggiorno","22":"first","23":"instock","24":"taxable","25":"shipping-taxable","26":"purchasable","27":"product-type-simple"},"acf":[],"_links":{"self":[{"href":"https:\/\/www.polideas.it\/fr\/wp-json\/wp\/v2\/product\/10485","targetHints":{"allow":["GET"]}}],"collection":[{"href":"https:\/\/www.polideas.it\/fr\/wp-json\/wp\/v2\/product"}],"about":[{"href":"https:\/\/www.polideas.it\/fr\/wp-json\/wp\/v2\/types\/product"}],"replies":[{"embeddable":true,"href":"https:\/\/www.polideas.it\/fr\/wp-json\/wp\/v2\/comments?post=10485"}],"wp:featuredmedia":[{"embeddable":true,"href":"https:\/\/www.polideas.it\/fr\/wp-json\/wp\/v2\/media\/14577"}],"wp:attachment":[{"href":"https:\/\/www.polideas.it\/fr\/wp-json\/wp\/v2\/media?parent=10485"}],"wp:term":[{"taxonomy":"product_brand","embeddable":true,"href":"https:\/\/www.polideas.it\/fr\/wp-json\/wp\/v2\/product_brand?post=10485"},{"taxonomy":"product_cat","embeddable":true,"href":"https:\/\/www.polideas.it\/fr\/wp-json\/wp\/v2\/product_cat?post=10485"},{"taxonomy":"product_tag","embeddable":true,"href":"https:\/\/www.polideas.it\/fr\/wp-json\/wp\/v2\/product_tag?post=10485"}],"curies":[{"name":"wp","href":"https:\/\/api.w.org\/{rel}","templated":true}]}}