{"id":10505,"date":"2022-02-28T21:57:54","date_gmt":"2022-02-28T20:57:54","guid":{"rendered":"https:\/\/www.polideas.it\/?post_type=product&#038;p=10505"},"modified":"2025-01-30T10:11:54","modified_gmt":"2025-01-30T09:11:54","slug":"poignee-de-niche-meuble-design-blanc-laque","status":"publish","type":"product","link":"https:\/\/www.polideas.it\/fr\/fr-2\/poignees-de-salon\/poignee-de-niche-meuble-design-blanc-laque\/","title":{"rendered":"Nicchia Handle - Mobile Design Handle - White Lacquered"},"content":{"rendered":"<p>Essentiel et design : c'est le <strong>poign\u00e9e<\/strong> <strong>Niche<\/strong> <strong>de Polideas<\/strong>.<\/p>\n<p>Avec sa ligne distinctive ressemblant presque \u00e0 une coquille brillante, Nicchia s'adresse \u00e0 ceux qui souhaitent personnaliser le mobilier de leur chambre \u00e0 coucher, de leur hall d'entr\u00e9e et de leur espace de vie en misant sur un style de vie unique. <strong>compl\u00e9ment raffin\u00e9 et \u00e9l\u00e9gant,<\/strong> tout en restant tr\u00e8s minimes.<\/p>\n<p>Disponible dans le <strong>chrome poli et finition laqu\u00e9e blanche<\/strong>D'une largeur de 105 mm et d'une hauteur de 34 mm, il s'adapte parfaitement aux diff\u00e9rentes combinaisons de meubles, tout en garantissant une prise solide et s\u00fbre.<\/p>\n<p>La <strong>manipuler le cr\u00e9neau <\/strong>est le r\u00e9sultat d'une recherche continue combin\u00e9e \u00e0 l'attention typique des productions Made in Italy et est fabriqu\u00e9 avec des mat\u00e9riaux de premi\u00e8re qualit\u00e9 pour garantir une s\u00e9curit\u00e9 maximale \u00e0 tout moment.<\/p>","protected":false},"excerpt":{"rendered":"<p>Essenziale e dal design d\u2019autore: \u00e8 la maniglia Nicchia di Polideas. Con la sua linea particolare che ricorda quasi un guscio lucido, Nicchia \u00e8 dedicata a chi desidera personalizzare i mobili della camera da letto, dell\u2019ingresso e della zona living puntando su un complemento ricercato ed elegante, pur rimanendo molto minimal. Disponibile nella finitura ad [&#8230;]\n","protected":false},"featured_media":13744,"comment_status":"closed","ping_status":"closed","template":"","meta":{"_acf_changed":false},"product_brand":[],"product_cat":[47],"product_tag":[3149,3200,3151,3173,3174,3209,3205,3152,3153,3175,3212,3156,3198,3100,3159,3160,3211,3177,3178,3179],"class_list":{"0":"post-10505","1":"product","2":"type-product","3":"status-publish","4":"has-post-thumbnail","6":"product_cat-maniglie-pomelli-camera-soggiorno","7":"product_tag-maniglia","8":"product_tag-maniglia-anta","9":"product_tag-maniglia-anta-mobile","10":"product_tag-maniglia-anta-mobile-soggiorno","11":"product_tag-maniglia-anta-soggiorno","12":"product_tag-maniglia-arredo","13":"product_tag-maniglia-camera","14":"product_tag-maniglia-cassettiera","15":"product_tag-maniglia-cassetto","16":"product_tag-maniglia-cassetto-soggiorno","17":"product_tag-maniglia-cromata","18":"product_tag-maniglia-design","19":"product_tag-maniglia-interasse-64mm","20":"product_tag-maniglia-mobile","21":"product_tag-maniglia-mobile-al-miglior-prezzo","22":"product_tag-maniglia-mobile-arredamento","23":"product_tag-maniglia-mobile-camera","24":"product_tag-maniglia-mobile-soggiorno","25":"product_tag-maniglia-per-mobile-soggiorno","26":"product_tag-maniglia-soggiorno","28":"first","29":"instock","30":"taxable","31":"shipping-taxable","32":"purchasable","33":"product-type-simple"},"acf":[],"_links":{"self":[{"href":"https:\/\/www.polideas.it\/fr\/wp-json\/wp\/v2\/product\/10505","targetHints":{"allow":["GET"]}}],"collection":[{"href":"https:\/\/www.polideas.it\/fr\/wp-json\/wp\/v2\/product"}],"about":[{"href":"https:\/\/www.polideas.it\/fr\/wp-json\/wp\/v2\/types\/product"}],"replies":[{"embeddable":true,"href":"https:\/\/www.polideas.it\/fr\/wp-json\/wp\/v2\/comments?post=10505"}],"wp:featuredmedia":[{"embeddable":true,"href":"https:\/\/www.polideas.it\/fr\/wp-json\/wp\/v2\/media\/13744"}],"wp:attachment":[{"href":"https:\/\/www.polideas.it\/fr\/wp-json\/wp\/v2\/media?parent=10505"}],"wp:term":[{"taxonomy":"product_brand","embeddable":true,"href":"https:\/\/www.polideas.it\/fr\/wp-json\/wp\/v2\/product_brand?post=10505"},{"taxonomy":"product_cat","embeddable":true,"href":"https:\/\/www.polideas.it\/fr\/wp-json\/wp\/v2\/product_cat?post=10505"},{"taxonomy":"product_tag","embeddable":true,"href":"https:\/\/www.polideas.it\/fr\/wp-json\/wp\/v2\/product_tag?post=10505"}],"curies":[{"name":"wp","href":"https:\/\/api.w.org\/{rel}","templated":true}]}}