{"id":10539,"date":"2022-02-28T21:58:20","date_gmt":"2022-02-28T20:58:20","guid":{"rendered":"https:\/\/www.polideas.it\/?post_type=product&#038;p=10539"},"modified":"2025-11-05T22:13:24","modified_gmt":"2025-11-05T21:13:24","slug":"mid-giotto-meubles-denfants-poignee-estampee-fine-bleu-clair","status":"publish","type":"product","link":"https:\/\/www.polideas.it\/fr\/fr-2\/boutons-et-poignees-pour-enfants-2\/mid-giotto-meubles-denfants-poignee-estampee-fine-bleu-clair\/","title":{"rendered":"Poign\u00e9e pour enfants Mid Giotto - Poign\u00e9e mobile pour enfants - Fine Embossed Light Blue"},"content":{"rendered":"<p>La forme de la demi-lune rappelle quelque peu celle de la <strong>Poign\u00e9e moyenne Giotto<\/strong>parfait pour ajouter une touche d'originalit\u00e9 \u00e0 une chambre d'enfant.<\/p>\n<p>Sophistiqu\u00e9e et moderne, la <strong>Poign\u00e9e moyenne Giotto pour enfants<\/strong> est id\u00e9al pour remplacer les anciens boutons de meubles et de tiroirs et leur donner une nouvelle allure d'une mani\u00e8re simple et pratique.<\/p>\n<p>Disponible en <strong>4 teintes diff\u00e9rentes<\/strong> Capable de satisfaire tous les go\u00fbts des enfants, \u00e0 savoir le rose fin gaufr\u00e9, le bleu clair et le blanc, il est \u00e9galement disponible dans l'effet aluminium original, parfait pour les chambres d'enfants les plus modernes et les plus sophistiqu\u00e9es.<\/p>\n<p>Fabriqu\u00e9 dans le respect total de la r\u00e9glementation europ\u00e9enne REACH, le manche Mid Giotto ne pr\u00e9sente pas d'ar\u00eates vives et garantit une s\u00e9curit\u00e9 maximale dans toutes les situations.<\/p>","protected":false},"excerpt":{"rendered":"<p>La poign\u00e9e Mid Giotto rappelle quelque peu la forme d'un croissant de lune et est id\u00e9ale pour apporter une touche d'originalit\u00e9 \u00e0 la chambre des enfants. Raffin\u00e9e et moderne, la poign\u00e9e Bimbi Mid Giotto est parfaite pour remplacer les anciens boutons de meubles et tiroirs et leur donner un nouveau souffle de mani\u00e8re simple et pratique. Disponible [\u2026]","protected":false},"featured_media":13632,"comment_status":"closed","ping_status":"closed","template":"","meta":{"_acf_changed":false},"product_brand":[],"product_cat":[24],"product_tag":[3149,3151,3203,3207,3152,3153,3237,3210,3238,3239,3240,3198,3100,3159,3160,3241,3242,3243,3244,3245,3246,3162],"class_list":{"0":"post-10539","1":"product","2":"type-product","3":"status-publish","4":"has-post-thumbnail","6":"product_cat-maniglie-pomelli-bambini","7":"product_tag-maniglia","8":"product_tag-maniglia-anta-mobile","9":"product_tag-maniglia-bambini","10":"product_tag-maniglia-cameretta-bambini","11":"product_tag-maniglia-cassettiera","12":"product_tag-maniglia-cassetto","13":"product_tag-maniglia-cassetto-bambini","14":"product_tag-maniglia-effetto-alluminio","15":"product_tag-maniglia-goffrata-azzurra","16":"product_tag-maniglia-goffrata-rosa","17":"product_tag-maniglia-groffrata-bianca","18":"product_tag-maniglia-interasse-64mm","19":"product_tag-maniglia-mobile","20":"product_tag-maniglia-mobile-al-miglior-prezzo","21":"product_tag-maniglia-mobile-arredamento","22":"product_tag-maniglia-mobile-ragazza","23":"product_tag-maniglia-mobile-ragazzi","24":"product_tag-maniglia-mobili-bambina","25":"product_tag-maniglia-mobili-bambino","26":"product_tag-maniglia-per-bambini","27":"product_tag-maniglia-stanza-bambini","28":"product_tag-maniglie-colorate","30":"first","31":"instock","32":"taxable","33":"shipping-taxable","34":"purchasable","35":"product-type-simple"},"acf":[],"_links":{"self":[{"href":"https:\/\/www.polideas.it\/fr\/wp-json\/wp\/v2\/product\/10539","targetHints":{"allow":["GET"]}}],"collection":[{"href":"https:\/\/www.polideas.it\/fr\/wp-json\/wp\/v2\/product"}],"about":[{"href":"https:\/\/www.polideas.it\/fr\/wp-json\/wp\/v2\/types\/product"}],"replies":[{"embeddable":true,"href":"https:\/\/www.polideas.it\/fr\/wp-json\/wp\/v2\/comments?post=10539"}],"wp:featuredmedia":[{"embeddable":true,"href":"https:\/\/www.polideas.it\/fr\/wp-json\/wp\/v2\/media\/13632"}],"wp:attachment":[{"href":"https:\/\/www.polideas.it\/fr\/wp-json\/wp\/v2\/media?parent=10539"}],"wp:term":[{"taxonomy":"product_brand","embeddable":true,"href":"https:\/\/www.polideas.it\/fr\/wp-json\/wp\/v2\/product_brand?post=10539"},{"taxonomy":"product_cat","embeddable":true,"href":"https:\/\/www.polideas.it\/fr\/wp-json\/wp\/v2\/product_cat?post=10539"},{"taxonomy":"product_tag","embeddable":true,"href":"https:\/\/www.polideas.it\/fr\/wp-json\/wp\/v2\/product_tag?post=10539"}],"curies":[{"name":"wp","href":"https:\/\/api.w.org\/{rel}","templated":true}]}}