{"id":10546,"date":"2022-02-28T21:58:21","date_gmt":"2022-02-28T20:58:21","guid":{"rendered":"https:\/\/www.polideas.it\/?post_type=product&#038;p=10546"},"modified":"2025-08-01T01:14:07","modified_gmt":"2025-07-31T23:14:07","slug":"poignee-de-chambre-denfant-coeur-gaufre-fin-bleu-clair","status":"publish","type":"product","link":"https:\/\/www.polideas.it\/fr\/fr-2\/boutons-et-poignees-pour-enfants-2\/poignee-de-chambre-denfant-coeur-gaufre-fin-bleu-clair\/","title":{"rendered":"Poign\u00e9e de chambre d'enfant Coeur - Poign\u00e9e de chambre d'enfant - Fine Embossed Light Blue"},"content":{"rendered":"<p>Il s\u00e9duira les petites filles les plus romantiques, mais aussi leurs mamans, la poign\u00e9e de main et les enfants.<strong>\u00a0enfants C\u0153ur de Polideas. <\/strong><\/p>\n<p>Tendre et romantique, <strong>donne une touche unique aux armoires<\/strong>les tables de chevet et les commodes, transformant imm\u00e9diatement les meubles de chambre classiques en pi\u00e8ces uniques et personnalis\u00e9es.<\/p>\n<p>Disponible en <strong>de nombreuses nuances<\/strong>du bleu gaufr\u00e9 au blanc, du fuchsia au rose, plaira aux petites filles qui aiment les contes de f\u00e9es et se sentent comme de vraies princesses.<\/p>\n<p>Fabriqu\u00e9e en totale conformit\u00e9 avec la r\u00e9glementation europ\u00e9enne REACH, la poign\u00e9e<strong>\u00a0enfants C\u0153ur<\/strong> est d\u00e9pourvu d'ar\u00eates vives et garantit une s\u00e9curit\u00e9 maximale dans toutes les situations.<\/p>","protected":false},"excerpt":{"rendered":"<p>La poign\u00e9e pour enfants Cuore de Polideas s\u00e9duira les petites filles les plus romantiques, mais \u00e9galement leurs m\u00e8res. Tendre et romantique, elle apporte une touche unique aux armoires, tables de chevet et commodes, transformant instantan\u00e9ment les meubles classiques de la chambre en pi\u00e8ces uniques et personnalis\u00e9es. Disponible dans de nombreuses nuances, du bleu clair gaufr\u00e9 au blanc, du fuchsia au rose, elle plaira \u00e9norm\u00e9ment [\u2026]","protected":false},"featured_media":13761,"comment_status":"closed","ping_status":"closed","template":"","meta":{"_acf_changed":false},"product_brand":[],"product_cat":[24],"product_tag":[3119,3120,3274,3275,3276,3277,3278,3279,3280,3281,3112,3113,3114,3122,3123,3115,3116,3124,3282,3117,3118,3125,3126,3127,3128],"class_list":{"0":"post-10546","1":"product","2":"type-product","3":"status-publish","4":"has-post-thumbnail","6":"product_cat-maniglie-pomelli-bambini","7":"product_tag-pomelli-cameretta-bimba","8":"product_tag-pomelli-cameretta-bimbo","9":"product_tag-pomello-a-forma-di-cuore","10":"product_tag-pomello-bambini","11":"product_tag-pomello-bambini-colorato","12":"product_tag-pomello-cameretta-bambini","13":"product_tag-pomello-cameretta-bambini-rosa","14":"product_tag-pomello-cassetti-bambini","15":"product_tag-pomello-cuore","16":"product_tag-pomello-cuore-cassettiera","17":"product_tag-pomolo","18":"product_tag-pomolo-al-miglior-prezzo","19":"product_tag-pomolo-anta-mobile","20":"product_tag-pomolo-bambini","21":"product_tag-pomolo-cameretta-bambini","22":"product_tag-pomolo-cassettiera","23":"product_tag-pomolo-cassetto","24":"product_tag-pomolo-cassetto-bambini","25":"product_tag-pomolo-interasse-32-mm","26":"product_tag-pomolo-mobile","27":"product_tag-pomolo-mobile-arredamento","28":"product_tag-pomolo-mobile-ragazza","29":"product_tag-pomolo-mobile-ragazzi","30":"product_tag-pomolo-mobili-bambina","31":"product_tag-pomolo-mobili-bambino","33":"first","34":"instock","35":"taxable","36":"shipping-taxable","37":"purchasable","38":"product-type-simple"},"acf":[],"_links":{"self":[{"href":"https:\/\/www.polideas.it\/fr\/wp-json\/wp\/v2\/product\/10546","targetHints":{"allow":["GET"]}}],"collection":[{"href":"https:\/\/www.polideas.it\/fr\/wp-json\/wp\/v2\/product"}],"about":[{"href":"https:\/\/www.polideas.it\/fr\/wp-json\/wp\/v2\/types\/product"}],"replies":[{"embeddable":true,"href":"https:\/\/www.polideas.it\/fr\/wp-json\/wp\/v2\/comments?post=10546"}],"wp:featuredmedia":[{"embeddable":true,"href":"https:\/\/www.polideas.it\/fr\/wp-json\/wp\/v2\/media\/13761"}],"wp:attachment":[{"href":"https:\/\/www.polideas.it\/fr\/wp-json\/wp\/v2\/media?parent=10546"}],"wp:term":[{"taxonomy":"product_brand","embeddable":true,"href":"https:\/\/www.polideas.it\/fr\/wp-json\/wp\/v2\/product_brand?post=10546"},{"taxonomy":"product_cat","embeddable":true,"href":"https:\/\/www.polideas.it\/fr\/wp-json\/wp\/v2\/product_cat?post=10546"},{"taxonomy":"product_tag","embeddable":true,"href":"https:\/\/www.polideas.it\/fr\/wp-json\/wp\/v2\/product_tag?post=10546"}],"curies":[{"name":"wp","href":"https:\/\/api.w.org\/{rel}","templated":true}]}}