{"id":10555,"date":"2022-02-28T21:58:43","date_gmt":"2022-02-28T20:58:43","guid":{"rendered":"https:\/\/www.polideas.it\/?post_type=product&#038;p=10555"},"modified":"2025-01-31T11:26:21","modified_gmt":"2025-01-31T10:26:21","slug":"poignee-de-mobile-pour-enfants-packman-gaufre-bleu-fin-2","status":"publish","type":"product","link":"https:\/\/www.polideas.it\/fr\/fr-2\/boutons-et-poignees-pour-enfants-2\/poignee-de-mobile-pour-enfants-packman-gaufre-bleu-fin-2\/","title":{"rendered":"Poign\u00e9e de mobile pour enfants Packman - finement gaufr\u00e9e bleu clair"},"content":{"rendered":"<p>Il s'adresse aux enfants les plus aventureux et les plus passionn\u00e9s de jeux. <strong>Manche Packman de Polideas<\/strong> qui s'inspire du c\u00e9l\u00e8bre jeu mettant en sc\u00e8ne la vorace cr\u00e9ature sph\u00e9rique \u00e9voluant dans un labyrinthe.<\/p>\n<p>Dr\u00f4le et insolite, <strong>la poign\u00e9e Packman<\/strong> est parfait pour ajouter une touche d'originalit\u00e9 aux chambres d'enfants.<\/p>\n<p>Disponible en <strong>deux nuances<\/strong>Les couleurs, bleu clair finement gaufr\u00e9 et vert finement gaufr\u00e9, sont parfaites pour ajouter une touche de couleur aux tiroirs et aux meubles et peuvent \u00eatre utilis\u00e9es dans une seule couleur ou m\u00eame dans une combinaison de couleurs amusante, s'int\u00e9grant parfaitement dans les chambres des gar\u00e7ons et des filles.<\/p>\n<p>Fabriqu\u00e9e en totale conformit\u00e9 avec la r\u00e9glementation europ\u00e9enne REACH, la poign\u00e9e Packman ne pr\u00e9sente pas d'ar\u00eates vives et garantit une s\u00e9curit\u00e9 maximale dans toutes les situations.<\/p>","protected":false},"excerpt":{"rendered":"<p>E\u2019 dedicata ai bambini pi\u00f9 avventurosi ed amanti dei videogiochi la maniglia Packman di Polideas che si ispira al famoso gioco con protagonista la vorace creatura sferica che si muove all\u2019interno di un labirinto. Divertente e insolita, la maniglia Packman \u00e8 perfetta per dare una marcia in pi\u00f9 alle camerette dei pi\u00f9 piccoli portando una [&#8230;]\n","protected":false},"featured_media":13840,"comment_status":"closed","ping_status":"closed","template":"","meta":{"_acf_changed":false},"product_brand":[],"product_cat":[24],"product_tag":[3149,3287,3151,3203,3207,3152,3153,3237,3198,3100,3159,3160,3241,3242,3243,3244,3288,3289,3162,3290],"class_list":{"0":"post-10555","1":"product","2":"type-product","3":"status-publish","4":"has-post-thumbnail","6":"product_cat-maniglie-pomelli-bambini","7":"product_tag-maniglia","8":"product_tag-maniglia-a-forma-di-pacman","9":"product_tag-maniglia-anta-mobile","10":"product_tag-maniglia-bambini","11":"product_tag-maniglia-cameretta-bambini","12":"product_tag-maniglia-cassettiera","13":"product_tag-maniglia-cassetto","14":"product_tag-maniglia-cassetto-bambini","15":"product_tag-maniglia-interasse-64mm","16":"product_tag-maniglia-mobile","17":"product_tag-maniglia-mobile-al-miglior-prezzo","18":"product_tag-maniglia-mobile-arredamento","19":"product_tag-maniglia-mobile-ragazza","20":"product_tag-maniglia-mobile-ragazzi","21":"product_tag-maniglia-mobili-bambina","22":"product_tag-maniglia-mobili-bambino","23":"product_tag-maniglia-packman","24":"product_tag-maniglia-pacman","25":"product_tag-maniglie-colorate","26":"product_tag-pacman-maniglia","28":"first","29":"instock","30":"taxable","31":"shipping-taxable","32":"purchasable","33":"product-type-simple"},"acf":[],"_links":{"self":[{"href":"https:\/\/www.polideas.it\/fr\/wp-json\/wp\/v2\/product\/10555","targetHints":{"allow":["GET"]}}],"collection":[{"href":"https:\/\/www.polideas.it\/fr\/wp-json\/wp\/v2\/product"}],"about":[{"href":"https:\/\/www.polideas.it\/fr\/wp-json\/wp\/v2\/types\/product"}],"replies":[{"embeddable":true,"href":"https:\/\/www.polideas.it\/fr\/wp-json\/wp\/v2\/comments?post=10555"}],"wp:featuredmedia":[{"embeddable":true,"href":"https:\/\/www.polideas.it\/fr\/wp-json\/wp\/v2\/media\/13840"}],"wp:attachment":[{"href":"https:\/\/www.polideas.it\/fr\/wp-json\/wp\/v2\/media?parent=10555"}],"wp:term":[{"taxonomy":"product_brand","embeddable":true,"href":"https:\/\/www.polideas.it\/fr\/wp-json\/wp\/v2\/product_brand?post=10555"},{"taxonomy":"product_cat","embeddable":true,"href":"https:\/\/www.polideas.it\/fr\/wp-json\/wp\/v2\/product_cat?post=10555"},{"taxonomy":"product_tag","embeddable":true,"href":"https:\/\/www.polideas.it\/fr\/wp-json\/wp\/v2\/product_tag?post=10555"}],"curies":[{"name":"wp","href":"https:\/\/api.w.org\/{rel}","templated":true}]}}