{"id":10566,"date":"2022-02-28T21:58:45","date_gmt":"2022-02-28T20:58:45","guid":{"rendered":"https:\/\/www.polideas.it\/?post_type=product&#038;p=10566"},"modified":"2025-01-30T12:02:40","modified_gmt":"2025-01-30T11:02:40","slug":"poignee-darmoire-design-332a-finition-argentee","status":"publish","type":"product","link":"https:\/\/www.polideas.it\/fr\/fr-2\/poignees-de-salon\/poignee-darmoire-design-332a-finition-argentee\/","title":{"rendered":"Poign\u00e9e de meuble Design 332A - Finition argent\u00e9e"},"content":{"rendered":"<p><strong>Poign\u00e9e 332A effet argent\u00e9 par Polideas<\/strong>Le compl\u00e9ment parfait pour ceux qui recherchent un d\u00e9tail sophistiqu\u00e9 pour leur commode.<\/p>\n<p>D\u00e9di\u00e9 \u00e0 ceux qui souhaitent rendre leur salon ou leur chambre \u00e0 coucher unique et sp\u00e9cial, en leur donnant un aspect r\u00e9solument moderne,<strong>\u00a0<\/strong>est la poign\u00e9e id\u00e9ale pour donner une touche de modernit\u00e9 \u00e0 un meuble.<\/p>\n<p>Il se marie parfaitement avec des meubles en bois fonc\u00e9, mais aussi avec des meubles modernes laqu\u00e9s auxquels on souhaite donner une touche de modernit\u00e9 tout \u00e0 fait inattendue.<\/p>","protected":false},"excerpt":{"rendered":"<p>Maniglia 332A Effetto argento di Polideas, complemento perfetto di chi cerca il dettaglio ricercato per la tua cassettiera. Dedicato a chi desidera rendere unici e speciali i mobili del salotto o della camera da letto, conferendogli un aspetto decisamente moderno,\u00a0\u00e8 la maniglia ideale per dare un tocco di modernit\u00e0 ai mobili. Si sposa alla perfezione [&#8230;]","protected":false},"featured_media":13718,"comment_status":"closed","ping_status":"closed","template":"","meta":{"_acf_changed":false},"product_brand":[],"product_cat":[47],"product_tag":[3201,3302,3153,3284,3198,3100,3285,3303,3177,3304,3305,3306,3179],"class_list":{"0":"post-10566","1":"product","2":"type-product","3":"status-publish","4":"has-post-thumbnail","6":"product_cat-maniglie-pomelli-camera-soggiorno","7":"product_tag-maniglia-anta-mobili","8":"product_tag-maniglia-argentata-mobile","9":"product_tag-maniglia-cassetto","10":"product_tag-maniglia-effetto-argento","11":"product_tag-maniglia-interasse-64mm","12":"product_tag-maniglia-mobile","13":"product_tag-maniglia-mobile-design","14":"product_tag-maniglia-mobile-effetto-alluminio","15":"product_tag-maniglia-mobile-soggiorno","16":"product_tag-maniglia-moderna","17":"product_tag-maniglia-per-mobili","18":"product_tag-maniglia-per-mobili-argento","19":"product_tag-maniglia-soggiorno","21":"first","22":"instock","23":"taxable","24":"shipping-taxable","25":"purchasable","26":"product-type-simple"},"acf":[],"_links":{"self":[{"href":"https:\/\/www.polideas.it\/fr\/wp-json\/wp\/v2\/product\/10566","targetHints":{"allow":["GET"]}}],"collection":[{"href":"https:\/\/www.polideas.it\/fr\/wp-json\/wp\/v2\/product"}],"about":[{"href":"https:\/\/www.polideas.it\/fr\/wp-json\/wp\/v2\/types\/product"}],"replies":[{"embeddable":true,"href":"https:\/\/www.polideas.it\/fr\/wp-json\/wp\/v2\/comments?post=10566"}],"wp:featuredmedia":[{"embeddable":true,"href":"https:\/\/www.polideas.it\/fr\/wp-json\/wp\/v2\/media\/13718"}],"wp:attachment":[{"href":"https:\/\/www.polideas.it\/fr\/wp-json\/wp\/v2\/media?parent=10566"}],"wp:term":[{"taxonomy":"product_brand","embeddable":true,"href":"https:\/\/www.polideas.it\/fr\/wp-json\/wp\/v2\/product_brand?post=10566"},{"taxonomy":"product_cat","embeddable":true,"href":"https:\/\/www.polideas.it\/fr\/wp-json\/wp\/v2\/product_cat?post=10566"},{"taxonomy":"product_tag","embeddable":true,"href":"https:\/\/www.polideas.it\/fr\/wp-json\/wp\/v2\/product_tag?post=10566"}],"curies":[{"name":"wp","href":"https:\/\/api.w.org\/{rel}","templated":true}]}}