{"id":10572,"date":"2022-02-28T21:59:07","date_gmt":"2022-02-28T20:59:07","guid":{"rendered":"https:\/\/www.polideas.it\/?post_type=product&#038;p=10572"},"modified":"2025-01-30T11:24:10","modified_gmt":"2025-01-30T10:24:10","slug":"poignee-antique-t-poignee-de-meuble-effet-bronze-antique","status":"publish","type":"product","link":"https:\/\/www.polideas.it\/fr\/fr-2\/poignees-antiques-boutons\/poignee-antique-t-poignee-de-meuble-effet-bronze-antique\/","title":{"rendered":"Anticata T Handle - Anticata Mobile Handle - Bronze Effect"},"content":{"rendered":"<p>Avec sa forme minimaliste et pourtant impressionnante, la poign\u00e9e <strong>antiqued T <\/strong>de Polideas est un classique intemporel.<\/p>\n<p>Con\u00e7ue pour personnaliser les meubles de cuisine, de chambre et de salon en leur donnant une touche r\u00e9tro, la poign\u00e9e<strong> antiqued T <\/strong>est id\u00e9al pour unifier les pi\u00e8ces meubl\u00e9es dans un style classique, industriel ou campagnard.<\/p>\n<p>Disponible en version \u00e9l\u00e9gante <strong>effet bronze, effet cuivre et effet fer<\/strong>La poign\u00e9e en T assure une prise en main solide et s\u00fbre et, gr\u00e2ce \u00e0 une fabrication complexe et innovante qui allie les avantages esth\u00e9tiques du m\u00e9tal vieilli \u00e0 la praticit\u00e9 et \u00e0 l'ergonomie des mat\u00e9riaux plastiques de qualit\u00e9, elle produit un effet d'antiquit\u00e9 unique.<\/p>\n<p>D'une largeur de 240 mm et d'une hauteur de 34 mm, elle est id\u00e9ale pour remplacer d'anciennes poign\u00e9es sur des meubles anciens plus robustes, sans perdre une once d'authenticit\u00e9.<\/p>","protected":false},"excerpt":{"rendered":"<p>Avec sa forme minimaliste unique et \u00e9l\u00e9gante, la poign\u00e9e vieillie T de Polideas est un grand classique intemporel. Con\u00e7ue pour personnaliser les meubles de cuisine, de chambre \u00e0 coucher et de salon au style r\u00e9tro, la poign\u00e9e vieillie T est id\u00e9ale pour harmoniser les int\u00e9rieurs meubl\u00e9s dans un style classique, industriel ou champ\u00eatre. Disponible dans des versions \u00e9l\u00e9gantes \u00e0 effet [...]","protected":false},"featured_media":12051,"comment_status":"closed","ping_status":"closed","template":"","meta":{"_acf_changed":false},"product_brand":[],"product_cat":[72],"product_tag":[3149,3151,3180,3181,3152,3153,3156,3182,3183,3193,3100,3159,3160,3184,3185,3186,3187],"class_list":{"0":"post-10572","1":"product","2":"type-product","3":"status-publish","4":"has-post-thumbnail","6":"product_cat-maniglie-pomoli-anticati","7":"product_tag-maniglia","8":"product_tag-maniglia-anta-mobile","9":"product_tag-maniglia-antica","10":"product_tag-maniglia-anticata","11":"product_tag-maniglia-cassettiera","12":"product_tag-maniglia-cassetto","13":"product_tag-maniglia-design","14":"product_tag-maniglia-effetto-anticato","15":"product_tag-maniglia-effetto-antico","16":"product_tag-maniglia-interasse-96mm","17":"product_tag-maniglia-mobile","18":"product_tag-maniglia-mobile-al-miglior-prezzo","19":"product_tag-maniglia-mobile-arredamento","20":"product_tag-maniglia-per-mobile-antico","21":"product_tag-maniglia-restauro-mobili","22":"product_tag-maniglia-rustico","23":"product_tag-maniglie-per-restaurazione-mobili","25":"first","26":"instock","27":"taxable","28":"shipping-taxable","29":"purchasable","30":"product-type-simple"},"acf":[],"_links":{"self":[{"href":"https:\/\/www.polideas.it\/fr\/wp-json\/wp\/v2\/product\/10572","targetHints":{"allow":["GET"]}}],"collection":[{"href":"https:\/\/www.polideas.it\/fr\/wp-json\/wp\/v2\/product"}],"about":[{"href":"https:\/\/www.polideas.it\/fr\/wp-json\/wp\/v2\/types\/product"}],"replies":[{"embeddable":true,"href":"https:\/\/www.polideas.it\/fr\/wp-json\/wp\/v2\/comments?post=10572"}],"wp:featuredmedia":[{"embeddable":true,"href":"https:\/\/www.polideas.it\/fr\/wp-json\/wp\/v2\/media\/12051"}],"wp:attachment":[{"href":"https:\/\/www.polideas.it\/fr\/wp-json\/wp\/v2\/media?parent=10572"}],"wp:term":[{"taxonomy":"product_brand","embeddable":true,"href":"https:\/\/www.polideas.it\/fr\/wp-json\/wp\/v2\/product_brand?post=10572"},{"taxonomy":"product_cat","embeddable":true,"href":"https:\/\/www.polideas.it\/fr\/wp-json\/wp\/v2\/product_cat?post=10572"},{"taxonomy":"product_tag","embeddable":true,"href":"https:\/\/www.polideas.it\/fr\/wp-json\/wp\/v2\/product_tag?post=10572"}],"curies":[{"name":"wp","href":"https:\/\/api.w.org\/{rel}","templated":true}]}}