{"id":10583,"date":"2022-02-28T21:59:09","date_gmt":"2022-02-28T20:59:09","guid":{"rendered":"https:\/\/www.polideas.it\/?post_type=product&#038;p=10583"},"modified":"2025-01-29T16:36:05","modified_gmt":"2025-01-29T15:36:05","slug":"poignee-ronde-b-poignee-de-meuble-design-chromee","status":"publish","type":"product","link":"https:\/\/www.polideas.it\/fr\/fr-2\/poignees-de-salon\/poignee-ronde-b-poignee-de-meuble-design-chromee\/","title":{"rendered":"Poign\u00e9e Round B - Mobile Design Handle - Polished Chrome"},"content":{"rendered":"<p>La<strong> Poign\u00e9e Polideas Round B <\/strong>est la poign\u00e9e classique qui vous s\u00e9duit par sa simplicit\u00e9.<\/p>\n<p>Minimale et carr\u00e9e, Round B est le compl\u00e9ment id\u00e9al pour renouveler le mobilier de la chambre \u00e0 coucher, de l'entr\u00e9e et du s\u00e9jour en misant sur un style de vie unique. <strong>compl\u00e9ment simple, moderne et attrayant<\/strong>.<\/p>\n<p>Disponible en <strong>finitions en aluminium et en chrome poli<\/strong>D'une largeur de 140 mm et d'une hauteur de 20 mm, il offre une prise ferme et s\u00fbre sur tous les types de meubles, donnant imm\u00e9diatement l'impression d'un accessoire extr\u00eamement fiable.<\/p>\n<p>La <strong>poign\u00e9e ronde B <\/strong>est le r\u00e9sultat d'une recherche continue combin\u00e9e \u00e0 l'attention typique des productions Made in Italy et est fabriqu\u00e9 avec des mat\u00e9riaux de premi\u00e8re qualit\u00e9 pour garantir une s\u00e9curit\u00e9 maximale \u00e0 tout moment.<\/p>","protected":false},"excerpt":{"rendered":"<p>La maniglia Round B di Polideas \u00e8 la classica maniglia che conquista con la sua semplicit\u00e0. Minimal e squadrata, Round B \u00e8 il complemento ideale per rinnovare i mobili della camera da letto, dell\u2019ingresso e della zona living puntando su un complemento semplice, moderno e accattivante. Disponibile nelle finiture ad effetto alluminio e cromato lucido, [&#8230;]\n","protected":false},"featured_media":7504,"comment_status":"closed","ping_status":"closed","template":"","meta":{"_acf_changed":false},"product_brand":[],"product_cat":[47],"product_tag":[3149,3151,3173,3174,3209,3205,3152,3153,3175,3156,3176,3100,3159,3160,3211,3177,3178,3179],"class_list":{"0":"post-10583","1":"product","2":"type-product","3":"status-publish","4":"has-post-thumbnail","6":"product_cat-maniglie-pomelli-camera-soggiorno","7":"product_tag-maniglia","8":"product_tag-maniglia-anta-mobile","9":"product_tag-maniglia-anta-mobile-soggiorno","10":"product_tag-maniglia-anta-soggiorno","11":"product_tag-maniglia-arredo","12":"product_tag-maniglia-camera","13":"product_tag-maniglia-cassettiera","14":"product_tag-maniglia-cassetto","15":"product_tag-maniglia-cassetto-soggiorno","16":"product_tag-maniglia-design","17":"product_tag-maniglia-interasse-128mm","18":"product_tag-maniglia-mobile","19":"product_tag-maniglia-mobile-al-miglior-prezzo","20":"product_tag-maniglia-mobile-arredamento","21":"product_tag-maniglia-mobile-camera","22":"product_tag-maniglia-mobile-soggiorno","23":"product_tag-maniglia-per-mobile-soggiorno","24":"product_tag-maniglia-soggiorno","26":"first","27":"instock","28":"taxable","29":"shipping-taxable","30":"purchasable","31":"product-type-simple"},"acf":[],"_links":{"self":[{"href":"https:\/\/www.polideas.it\/fr\/wp-json\/wp\/v2\/product\/10583","targetHints":{"allow":["GET"]}}],"collection":[{"href":"https:\/\/www.polideas.it\/fr\/wp-json\/wp\/v2\/product"}],"about":[{"href":"https:\/\/www.polideas.it\/fr\/wp-json\/wp\/v2\/types\/product"}],"replies":[{"embeddable":true,"href":"https:\/\/www.polideas.it\/fr\/wp-json\/wp\/v2\/comments?post=10583"}],"wp:featuredmedia":[{"embeddable":true,"href":"https:\/\/www.polideas.it\/fr\/wp-json\/wp\/v2\/media\/7504"}],"wp:attachment":[{"href":"https:\/\/www.polideas.it\/fr\/wp-json\/wp\/v2\/media?parent=10583"}],"wp:term":[{"taxonomy":"product_brand","embeddable":true,"href":"https:\/\/www.polideas.it\/fr\/wp-json\/wp\/v2\/product_brand?post=10583"},{"taxonomy":"product_cat","embeddable":true,"href":"https:\/\/www.polideas.it\/fr\/wp-json\/wp\/v2\/product_cat?post=10583"},{"taxonomy":"product_tag","embeddable":true,"href":"https:\/\/www.polideas.it\/fr\/wp-json\/wp\/v2\/product_tag?post=10583"}],"curies":[{"name":"wp","href":"https:\/\/api.w.org\/{rel}","templated":true}]}}