{"id":10605,"date":"2022-02-28T21:59:32","date_gmt":"2022-02-28T20:59:32","guid":{"rendered":"https:\/\/www.polideas.it\/?post_type=product&#038;p=10605"},"modified":"2025-09-01T11:50:58","modified_gmt":"2025-09-01T09:50:58","slug":"meuble-enfant-effet-aluminium-bouton-fleur","status":"publish","type":"product","link":"https:\/\/www.polideas.it\/fr\/fr-2\/boutons-et-poignees-pour-enfants-2\/meuble-enfant-effet-aluminium-bouton-fleur\/","title":{"rendered":"Bouton Fleur - Bouton Mobile Enfant - Effet aluminium"},"content":{"rendered":"<p>Des fleurs color\u00e9es fleurissent dans les chambres d'enfants, embellissant les meubles, les commodes et les bahuts. <strong>Bouton de b\u00e9b\u00e9 fleur par Polideas.<\/strong><\/p>\n<p>Avec sa forme stylis\u00e9e, minimaliste et ultra-simple, le <strong>Fleur de pommeau<\/strong> apporte imm\u00e9diatement une atmosph\u00e8re fra\u00eeche et joyeuse \u00e0 toute chambre \u00e0 coucher, la r\u00e9novant en un rien de temps avec une extr\u00eame simplicit\u00e9.<\/p>\n<p>Id\u00e9al pour <strong>m\u00e9langer les diff\u00e9rentes nuances<\/strong> Disponible en bleu fin gaufr\u00e9, rose, fuchsia et blanc ou dans le nouvel effet aluminium, le bouton Flower est parfait pour les chambres d'enfants classiques et romantiques.<\/p>\n<p>Fabriqu\u00e9 en totale conformit\u00e9 avec la r\u00e9glementation europ\u00e9enne REACH, le bouton Flower n'a pas d'ar\u00eates vives et garantit une s\u00e9curit\u00e9 maximale dans toutes les situations.<\/p>","protected":false},"excerpt":{"rendered":"<p>Fiori coloratissimi sbocciano nelle camerette dei bambini, impreziosendo mobili, com\u00f2 e cassettiere: \u00e8 merito del pomello bimbi Flower di Polideas. Dalla forma stilizzata, minimal e ultra semplice, il pomello Flower regala subito un\u2019atmosfera fresca e allegra ad ogni cameretta, rinnovandola in pochissimo tempo con estrema semplicit\u00e0. Ideale da mixare nelle diverse nuance disponibili, ovvero goffrato [&#8230;]\n","protected":false},"featured_media":4462,"comment_status":"closed","ping_status":"closed","template":"","meta":{"_acf_changed":false},"product_brand":[],"product_cat":[24],"product_tag":[3119,3120,3112,3113,3114,3121,3122,3123,3115,3116,3124,3319,3320,3117,3118,3125,3126,3127,3128],"class_list":{"0":"post-10605","1":"product","2":"type-product","3":"status-publish","4":"has-post-thumbnail","6":"product_cat-maniglie-pomelli-bambini","7":"product_tag-pomelli-cameretta-bimba","8":"product_tag-pomelli-cameretta-bimbo","9":"product_tag-pomolo","10":"product_tag-pomolo-al-miglior-prezzo","11":"product_tag-pomolo-anta-mobile","12":"product_tag-pomolo-armadio","13":"product_tag-pomolo-bambini","14":"product_tag-pomolo-cameretta-bambini","15":"product_tag-pomolo-cassettiera","16":"product_tag-pomolo-cassetto","17":"product_tag-pomolo-cassetto-bambini","18":"product_tag-pomolo-cassetto-fiore","19":"product_tag-pomolo-forma-cuore","20":"product_tag-pomolo-mobile","21":"product_tag-pomolo-mobile-arredamento","22":"product_tag-pomolo-mobile-ragazza","23":"product_tag-pomolo-mobile-ragazzi","24":"product_tag-pomolo-mobili-bambina","25":"product_tag-pomolo-mobili-bambino","27":"first","28":"instock","29":"taxable","30":"shipping-taxable","31":"purchasable","32":"product-type-simple"},"acf":[],"_links":{"self":[{"href":"https:\/\/www.polideas.it\/fr\/wp-json\/wp\/v2\/product\/10605","targetHints":{"allow":["GET"]}}],"collection":[{"href":"https:\/\/www.polideas.it\/fr\/wp-json\/wp\/v2\/product"}],"about":[{"href":"https:\/\/www.polideas.it\/fr\/wp-json\/wp\/v2\/types\/product"}],"replies":[{"embeddable":true,"href":"https:\/\/www.polideas.it\/fr\/wp-json\/wp\/v2\/comments?post=10605"}],"wp:featuredmedia":[{"embeddable":true,"href":"https:\/\/www.polideas.it\/fr\/wp-json\/wp\/v2\/media\/4462"}],"wp:attachment":[{"href":"https:\/\/www.polideas.it\/fr\/wp-json\/wp\/v2\/media?parent=10605"}],"wp:term":[{"taxonomy":"product_brand","embeddable":true,"href":"https:\/\/www.polideas.it\/fr\/wp-json\/wp\/v2\/product_brand?post=10605"},{"taxonomy":"product_cat","embeddable":true,"href":"https:\/\/www.polideas.it\/fr\/wp-json\/wp\/v2\/product_cat?post=10605"},{"taxonomy":"product_tag","embeddable":true,"href":"https:\/\/www.polideas.it\/fr\/wp-json\/wp\/v2\/product_tag?post=10605"}],"curies":[{"name":"wp","href":"https:\/\/api.w.org\/{rel}","templated":true}]}}