{"id":10616,"date":"2022-02-28T21:59:34","date_gmt":"2022-02-28T20:59:34","guid":{"rendered":"https:\/\/www.polideas.it\/?post_type=product&#038;p=10616"},"modified":"2025-02-04T17:57:44","modified_gmt":"2025-02-04T16:57:44","slug":"bouton-elephant-bouton-darmoire-pour-enfants-effet-verre-depoli-couleur-opaline","status":"publish","type":"product","link":"https:\/\/www.polideas.it\/fr\/fr-2\/boutons-et-poignees-pour-enfants-2\/bouton-elephant-bouton-darmoire-pour-enfants-effet-verre-depoli-couleur-opaline\/","title":{"rendered":"Pomolo Bimbi Elefante - Bouton de meuble pour enfant - effet verre satin\u00e9 couleur opaline"},"content":{"rendered":"<p>D\u00e9di\u00e9 aux enfants qui aiment le conte de Dumbo, le bouton \u00e9l\u00e9phant fait partie de la ligne animali\u00e8re de Polideas qui transforme certains des animaux pr\u00e9f\u00e9r\u00e9s des enfants en accessoires pratiques.<\/p>\n<p>Polideas reprend la <strong>forme classique d'\u00e9l\u00e9phant<\/strong>avec sa jolie trompe et ses grandes oreilles, et le transforme en un bouton parfait pour redonner vie aux chambres des petits.<\/p>\n<p>Disponible en <strong>de nombreuses nuances<\/strong>du bleu, du jaune et du rose finement gaufr\u00e9s au vert et \u00e0 l'effet de verre d\u00e9poli de couleur opaline, le bouton \u00c9l\u00e9phant peut \u00e9galement \u00eatre m\u00e9lang\u00e9 avec les autres produits de la gamme. <strong>Boutons \u00e0 motif animalier de Polideas<\/strong> pour un effet super gai.<\/p>\n<p>Fabriqu\u00e9 dans le respect total de la r\u00e9glementation europ\u00e9enne REACH, le bouton Elefante est d\u00e9pourvu d'ar\u00eates vives et garantit une s\u00e9curit\u00e9 maximale dans toutes les situations.<\/p>","protected":false},"excerpt":{"rendered":"<p>Dedicato ai bambini che amano la favola di Dumbo, il Pomolo Elefante fa parte della linea animalier di Polideas che trasforma in pratici complementi alcuni degli animaletti pi\u00f9 amati dai bambini. Polideas riprende la classica forma dell\u2019elefante, con la sua simpatica proboscide e le grandi orecchie, e la trasforma in un pomolo perfetto per dare [&#8230;]\n","protected":false},"featured_media":11504,"comment_status":"open","ping_status":"closed","template":"","meta":{"_acf_changed":false},"product_brand":[],"product_cat":[24],"product_tag":[3119,3120,3112,3113,3114,3121,3122,3123,3115,3116,3124,3117,3118,3125,3126,3127,3128],"class_list":{"0":"post-10616","1":"product","2":"type-product","3":"status-publish","4":"has-post-thumbnail","6":"product_cat-maniglie-pomelli-bambini","7":"product_tag-pomelli-cameretta-bimba","8":"product_tag-pomelli-cameretta-bimbo","9":"product_tag-pomolo","10":"product_tag-pomolo-al-miglior-prezzo","11":"product_tag-pomolo-anta-mobile","12":"product_tag-pomolo-armadio","13":"product_tag-pomolo-bambini","14":"product_tag-pomolo-cameretta-bambini","15":"product_tag-pomolo-cassettiera","16":"product_tag-pomolo-cassetto","17":"product_tag-pomolo-cassetto-bambini","18":"product_tag-pomolo-mobile","19":"product_tag-pomolo-mobile-arredamento","20":"product_tag-pomolo-mobile-ragazza","21":"product_tag-pomolo-mobile-ragazzi","22":"product_tag-pomolo-mobili-bambina","23":"product_tag-pomolo-mobili-bambino","25":"first","26":"instock","27":"taxable","28":"shipping-taxable","29":"purchasable","30":"product-type-simple"},"acf":[],"_links":{"self":[{"href":"https:\/\/www.polideas.it\/fr\/wp-json\/wp\/v2\/product\/10616","targetHints":{"allow":["GET"]}}],"collection":[{"href":"https:\/\/www.polideas.it\/fr\/wp-json\/wp\/v2\/product"}],"about":[{"href":"https:\/\/www.polideas.it\/fr\/wp-json\/wp\/v2\/types\/product"}],"replies":[{"embeddable":true,"href":"https:\/\/www.polideas.it\/fr\/wp-json\/wp\/v2\/comments?post=10616"}],"wp:featuredmedia":[{"embeddable":true,"href":"https:\/\/www.polideas.it\/fr\/wp-json\/wp\/v2\/media\/11504"}],"wp:attachment":[{"href":"https:\/\/www.polideas.it\/fr\/wp-json\/wp\/v2\/media?parent=10616"}],"wp:term":[{"taxonomy":"product_brand","embeddable":true,"href":"https:\/\/www.polideas.it\/fr\/wp-json\/wp\/v2\/product_brand?post=10616"},{"taxonomy":"product_cat","embeddable":true,"href":"https:\/\/www.polideas.it\/fr\/wp-json\/wp\/v2\/product_cat?post=10616"},{"taxonomy":"product_tag","embeddable":true,"href":"https:\/\/www.polideas.it\/fr\/wp-json\/wp\/v2\/product_tag?post=10616"}],"curies":[{"name":"wp","href":"https:\/\/api.w.org\/{rel}","templated":true}]}}