{"id":10623,"date":"2022-02-28T21:59:57","date_gmt":"2022-02-28T20:59:57","guid":{"rendered":"https:\/\/www.polideas.it\/?post_type=product&#038;p=10623"},"modified":"2025-02-20T14:35:13","modified_gmt":"2025-02-20T13:35:13","slug":"bouton-de-meuble-pour-chat-denfant-gaufre-rose-fin","status":"publish","type":"product","link":"https:\/\/www.polideas.it\/fr\/fr-2\/boutons-et-poignees-pour-enfants-2\/bouton-de-meuble-pour-chat-denfant-gaufre-rose-fin\/","title":{"rendered":"Bouton Cat - Bouton de meuble pour enfant - Rose fin gaufr\u00e9"},"content":{"rendered":"<p>Il est d\u00e9di\u00e9 aux enfants qui aiment les chats. <strong>Bouton Polideas<\/strong> qui reproduit la silhouette sinueuse et reconnaissable du f\u00e9lin.<\/p>\n<p>Color\u00e9e, simple et amusante, la <strong>Bouton de chat<\/strong> donne une touche de personnalit\u00e9 aux meubles habituels, en renouvelant l'aspect de la chambre des enfants en quelques \u00e9tapes simples : il suffit de quelques minutes et de l'aide d'un tournevis pour remplacer les anciens boutons par les propositions amusantes de Polideas.<\/p>\n<p>Disponible en <strong>de nombreuses nuances<\/strong>du bleu, du jaune et du rose finement gaufr\u00e9s au vert et \u00e0 l'effet de verre opalin, le bouton Cat Knob peut \u00e9galement \u00eatre m\u00e9lang\u00e9 avec les autres produits de la gamme. <strong>Boutons \u00e0 motif animalier de Polideas<\/strong> pour un effet super gai.<\/p>\n<p>Fabriqu\u00e9 dans le respect total de la r\u00e9glementation europ\u00e9enne REACH, le bouton Gatto n'a pas d'ar\u00eates vives et garantit une s\u00e9curit\u00e9 maximale dans toutes les situations.<\/p>","protected":false},"excerpt":{"rendered":"<p>E\u2019 dedicato ai bambini che amano i gatti il Pomolo di Polideas che riproduce la sinuosa ed inconfondibile silhuette del felino. Colorato, semplice e divertente, il Pomolo Gatto d\u00e0 un tocco di personalit\u00e0 ai soliti mobili, rinnovando l\u2019aspetto della cameretta dei pi\u00f9 piccoli in pochi semplici step: bastano pochi minuti e l\u2019aiuto di un cacciavite [&#8230;]\n","protected":false},"featured_media":11600,"comment_status":"closed","ping_status":"closed","template":"","meta":{"_acf_changed":false},"product_brand":[],"product_cat":[24],"product_tag":[3119,3120,3112,3113,3114,3121,3122,3123,3115,3116,3124,3117,3118,3125,3126,3127,3128],"class_list":{"0":"post-10623","1":"product","2":"type-product","3":"status-publish","4":"has-post-thumbnail","6":"product_cat-maniglie-pomelli-bambini","7":"product_tag-pomelli-cameretta-bimba","8":"product_tag-pomelli-cameretta-bimbo","9":"product_tag-pomolo","10":"product_tag-pomolo-al-miglior-prezzo","11":"product_tag-pomolo-anta-mobile","12":"product_tag-pomolo-armadio","13":"product_tag-pomolo-bambini","14":"product_tag-pomolo-cameretta-bambini","15":"product_tag-pomolo-cassettiera","16":"product_tag-pomolo-cassetto","17":"product_tag-pomolo-cassetto-bambini","18":"product_tag-pomolo-mobile","19":"product_tag-pomolo-mobile-arredamento","20":"product_tag-pomolo-mobile-ragazza","21":"product_tag-pomolo-mobile-ragazzi","22":"product_tag-pomolo-mobili-bambina","23":"product_tag-pomolo-mobili-bambino","25":"first","26":"instock","27":"taxable","28":"shipping-taxable","29":"purchasable","30":"product-type-simple"},"acf":[],"_links":{"self":[{"href":"https:\/\/www.polideas.it\/fr\/wp-json\/wp\/v2\/product\/10623","targetHints":{"allow":["GET"]}}],"collection":[{"href":"https:\/\/www.polideas.it\/fr\/wp-json\/wp\/v2\/product"}],"about":[{"href":"https:\/\/www.polideas.it\/fr\/wp-json\/wp\/v2\/types\/product"}],"replies":[{"embeddable":true,"href":"https:\/\/www.polideas.it\/fr\/wp-json\/wp\/v2\/comments?post=10623"}],"wp:featuredmedia":[{"embeddable":true,"href":"https:\/\/www.polideas.it\/fr\/wp-json\/wp\/v2\/media\/11600"}],"wp:attachment":[{"href":"https:\/\/www.polideas.it\/fr\/wp-json\/wp\/v2\/media?parent=10623"}],"wp:term":[{"taxonomy":"product_brand","embeddable":true,"href":"https:\/\/www.polideas.it\/fr\/wp-json\/wp\/v2\/product_brand?post=10623"},{"taxonomy":"product_cat","embeddable":true,"href":"https:\/\/www.polideas.it\/fr\/wp-json\/wp\/v2\/product_cat?post=10623"},{"taxonomy":"product_tag","embeddable":true,"href":"https:\/\/www.polideas.it\/fr\/wp-json\/wp\/v2\/product_tag?post=10623"}],"curies":[{"name":"wp","href":"https:\/\/api.w.org\/{rel}","templated":true}]}}