{"id":10633,"date":"2022-02-28T21:59:58","date_gmt":"2022-02-28T20:59:58","guid":{"rendered":"https:\/\/www.polideas.it\/?post_type=product&#038;p=10633"},"modified":"2025-01-29T10:42:06","modified_gmt":"2025-01-29T09:42:06","slug":"bouton-de-meuble-pour-enfant-ufo-gaufre-blanc-fin","status":"publish","type":"product","link":"https:\/\/www.polideas.it\/fr\/fr-2\/boutons-et-poignees-pour-enfants-2\/bouton-de-meuble-pour-enfant-ufo-gaufre-blanc-fin\/","title":{"rendered":"Ufo - Bouton de meuble pour enfant - Blanc gaufr\u00e9 fin"},"content":{"rendered":"<p>Vos enfants ont toujours \u00e9t\u00e9 fascin\u00e9s par l'espace et r\u00eavent de mille aventures parmi les vaisseaux et les \u00e9toiles ? <strong>Bouton d'ovni<\/strong> est exactement ce qu'il leur faut.<\/p>\n<p>Inspir\u00e9 par le c\u00e9l\u00e8bre vaisseau spatial extraterrestre, le <strong>Bouton d'ovni pour enfants par Polideas<\/strong> apporte une touche de charme et de myst\u00e8re dans la chambre des enfants les plus aventureux et les plus f\u00e9rus de technologie.<\/p>\n<p>Disponible en appel d'offres <strong>fine nuance gaufr\u00e9e<\/strong> rose, bleu clair et blanc, ainsi que dans l'effet sp\u00e9cial aluminium, qui le rend encore plus spatial, <strong>Bouton d'ovni<\/strong> est une solution minimaliste mais sophistiqu\u00e9e pour r\u00e9nover le mobilier d'une chambre d'enfant.<\/p>\n<p>Fabriqu\u00e9 dans le respect total de la r\u00e9glementation europ\u00e9enne REACH, le bouton Ufo ne pr\u00e9sente pas d'ar\u00eates vives et garantit une s\u00e9curit\u00e9 maximale dans toutes les situations.<\/p>","protected":false},"excerpt":{"rendered":"<p>Vos enfants ont-ils toujours \u00e9t\u00e9 fascin\u00e9s par l'espace et r\u00eavent-ils de mille aventures entre vaisseaux spatiaux et \u00e9toiles ? Le pommeau Ufo est exactement ce qu'il leur faut. Inspir\u00e9 des c\u00e9l\u00e8bres vaisseaux extraterrestres, le pommeau pour enfants Ufo de Polideas apporte une touche de charme et de myst\u00e8re \u00e0 la chambre des enfants les plus aventureux et les plus f\u00e9rus de technologie. Disponible dans les tendres [\u2026]","protected":false},"featured_media":4486,"comment_status":"closed","ping_status":"closed","template":"","meta":{"_acf_changed":false},"product_brand":[],"product_cat":[24],"product_tag":[3119,3120,3112,3113,3114,3121,3122,3123,3115,3116,3124,3117,3118,3125,3126,3127,3128],"class_list":{"0":"post-10633","1":"product","2":"type-product","3":"status-publish","4":"has-post-thumbnail","6":"product_cat-maniglie-pomelli-bambini","7":"product_tag-pomelli-cameretta-bimba","8":"product_tag-pomelli-cameretta-bimbo","9":"product_tag-pomolo","10":"product_tag-pomolo-al-miglior-prezzo","11":"product_tag-pomolo-anta-mobile","12":"product_tag-pomolo-armadio","13":"product_tag-pomolo-bambini","14":"product_tag-pomolo-cameretta-bambini","15":"product_tag-pomolo-cassettiera","16":"product_tag-pomolo-cassetto","17":"product_tag-pomolo-cassetto-bambini","18":"product_tag-pomolo-mobile","19":"product_tag-pomolo-mobile-arredamento","20":"product_tag-pomolo-mobile-ragazza","21":"product_tag-pomolo-mobile-ragazzi","22":"product_tag-pomolo-mobili-bambina","23":"product_tag-pomolo-mobili-bambino","25":"first","26":"instock","27":"taxable","28":"shipping-taxable","29":"purchasable","30":"product-type-simple"},"acf":[],"_links":{"self":[{"href":"https:\/\/www.polideas.it\/fr\/wp-json\/wp\/v2\/product\/10633","targetHints":{"allow":["GET"]}}],"collection":[{"href":"https:\/\/www.polideas.it\/fr\/wp-json\/wp\/v2\/product"}],"about":[{"href":"https:\/\/www.polideas.it\/fr\/wp-json\/wp\/v2\/types\/product"}],"replies":[{"embeddable":true,"href":"https:\/\/www.polideas.it\/fr\/wp-json\/wp\/v2\/comments?post=10633"}],"wp:featuredmedia":[{"embeddable":true,"href":"https:\/\/www.polideas.it\/fr\/wp-json\/wp\/v2\/media\/4486"}],"wp:attachment":[{"href":"https:\/\/www.polideas.it\/fr\/wp-json\/wp\/v2\/media?parent=10633"}],"wp:term":[{"taxonomy":"product_brand","embeddable":true,"href":"https:\/\/www.polideas.it\/fr\/wp-json\/wp\/v2\/product_brand?post=10633"},{"taxonomy":"product_cat","embeddable":true,"href":"https:\/\/www.polideas.it\/fr\/wp-json\/wp\/v2\/product_cat?post=10633"},{"taxonomy":"product_tag","embeddable":true,"href":"https:\/\/www.polideas.it\/fr\/wp-json\/wp\/v2\/product_tag?post=10633"}],"curies":[{"name":"wp","href":"https:\/\/api.w.org\/{rel}","templated":true}]}}