{"id":10639,"date":"2022-02-28T21:59:59","date_gmt":"2022-02-28T20:59:59","guid":{"rendered":"https:\/\/www.polideas.it\/?post_type=product&#038;p=10639"},"modified":"2025-11-18T14:46:27","modified_gmt":"2025-11-18T13:46:27","slug":"bimbi-square-mobile-enfants-poignee-gaufree-fine-bleu-clair","status":"publish","type":"product","link":"https:\/\/www.polideas.it\/fr\/fr-2\/boutons-et-poignees-pour-enfants-2\/bimbi-square-mobile-enfants-poignee-gaufree-fine-bleu-clair\/","title":{"rendered":"Poign\u00e9e carr\u00e9e pour enfants - Bimbi Square - Poign\u00e9e mobile pour enfants - Fine Embossed Light Blue"},"content":{"rendered":"<p>La chambre de vos enfants vous semble un peu trop chaotique ? Donnez-lui un peu plus d'ordre, au moins visuellement, avec la <strong>Poign\u00e9e b\u00e9b\u00e9 carr\u00e9e.<\/strong><\/p>\n<p>Avec son <strong>lignes d\u00e9finies et g\u00e9om\u00e9triques<\/strong> contribuera au raffinement de votre chambre d'enfant et plaira particuli\u00e8rement aux enfants plus \u00e2g\u00e9s pour l'effet minimaliste mais gai qu'il donne au mobilier habituel.<\/p>\n<p>Disponible en <strong>nuances<\/strong> Avec sa forme bien d\u00e9finie, il apporte de la joie et de la couleur \u00e0 la chambre d'enfant en quelques gestes simples.<\/p>\n<p>Fabriqu\u00e9 en pleine conformit\u00e9 avec le r\u00e8glement europ\u00e9en REACH, le <strong>poign\u00e9e b\u00e9b\u00e9 Carr\u00e9<\/strong> est d\u00e9pourvu d'ar\u00eates vives et garantit une s\u00e9curit\u00e9 maximale dans toutes les situations.<\/p>","protected":false},"excerpt":{"rendered":"<p>La camera dei vostri bambini vi appare un po\u2019 troppo caotica? Regalatele un pizzico di ordine in pi\u00f9, almeno visivamente, con la maniglia bimbi Square. Con le sue linee definite e geometriche contribuir\u00e0 a rendere pi\u00f9 ricercata la cameretta dei vostri figli e piacer\u00e0 soprattutto ai pi\u00f9 grandicelli per l\u2019effetto minimal, ma allegro, che regala [&#8230;]\n","protected":false},"featured_media":15805,"comment_status":"closed","ping_status":"closed","template":"","meta":{"_acf_changed":false},"product_brand":[],"product_cat":[24],"product_tag":[3149,3151,3203,3207,3152,3153,3237,3199,3100,3159,3160,3241,3242,3243,3244,3119,3120],"class_list":{"0":"post-10639","1":"product","2":"type-product","3":"status-publish","4":"has-post-thumbnail","6":"product_cat-maniglie-pomelli-bambini","7":"product_tag-maniglia","8":"product_tag-maniglia-anta-mobile","9":"product_tag-maniglia-bambini","10":"product_tag-maniglia-cameretta-bambini","11":"product_tag-maniglia-cassettiera","12":"product_tag-maniglia-cassetto","13":"product_tag-maniglia-cassetto-bambini","14":"product_tag-maniglia-interasse-32-mm","15":"product_tag-maniglia-mobile","16":"product_tag-maniglia-mobile-al-miglior-prezzo","17":"product_tag-maniglia-mobile-arredamento","18":"product_tag-maniglia-mobile-ragazza","19":"product_tag-maniglia-mobile-ragazzi","20":"product_tag-maniglia-mobili-bambina","21":"product_tag-maniglia-mobili-bambino","22":"product_tag-pomelli-cameretta-bimba","23":"product_tag-pomelli-cameretta-bimbo","25":"first","26":"instock","27":"taxable","28":"shipping-taxable","29":"purchasable","30":"product-type-simple"},"acf":[],"_links":{"self":[{"href":"https:\/\/www.polideas.it\/fr\/wp-json\/wp\/v2\/product\/10639","targetHints":{"allow":["GET"]}}],"collection":[{"href":"https:\/\/www.polideas.it\/fr\/wp-json\/wp\/v2\/product"}],"about":[{"href":"https:\/\/www.polideas.it\/fr\/wp-json\/wp\/v2\/types\/product"}],"replies":[{"embeddable":true,"href":"https:\/\/www.polideas.it\/fr\/wp-json\/wp\/v2\/comments?post=10639"}],"wp:featuredmedia":[{"embeddable":true,"href":"https:\/\/www.polideas.it\/fr\/wp-json\/wp\/v2\/media\/15805"}],"wp:attachment":[{"href":"https:\/\/www.polideas.it\/fr\/wp-json\/wp\/v2\/media?parent=10639"}],"wp:term":[{"taxonomy":"product_brand","embeddable":true,"href":"https:\/\/www.polideas.it\/fr\/wp-json\/wp\/v2\/product_brand?post=10639"},{"taxonomy":"product_cat","embeddable":true,"href":"https:\/\/www.polideas.it\/fr\/wp-json\/wp\/v2\/product_cat?post=10639"},{"taxonomy":"product_tag","embeddable":true,"href":"https:\/\/www.polideas.it\/fr\/wp-json\/wp\/v2\/product_tag?post=10639"}],"curies":[{"name":"wp","href":"https:\/\/api.w.org\/{rel}","templated":true}]}}