{"id":10649,"date":"2022-02-28T22:00:21","date_gmt":"2022-02-28T21:00:21","guid":{"rendered":"https:\/\/www.polideas.it\/?post_type=product&#038;p=10649"},"modified":"2025-02-04T11:32:20","modified_gmt":"2025-02-04T10:32:20","slug":"bouton-de-salle-de-bain-a-goupille","status":"publish","type":"product","link":"https:\/\/www.polideas.it\/fr\/fr-2\/poignees-boutons-de-salle-de-bain\/bouton-de-salle-de-bain-a-goupille\/","title":{"rendered":"Bouton de salle de bains Spillo - Bouton de meuble de salle de bains"},"content":{"rendered":"<p>Minuscule et essentiel : c'est le <strong>Bouton de salle de bain \u00e0 \u00e9pingle Polideas<\/strong>.<\/p>\n<p>Le <strong>bouton \u00e0 goupille<\/strong> est id\u00e9al pour ceux qui souhaitent personnaliser leur mobilier de salle de bains avec style et simplicit\u00e9, en optimisant l'espace avec un minimum d'encombrement.<\/p>\n<p>Disponible dans le <strong>finition chrome poli<\/strong>Il a un diam\u00e8tre de seulement 14 mm et, gr\u00e2ce \u00e0 ses caract\u00e9ristiques, il convient parfaitement pour r\u00e9nover les meubles de salle de bains les plus modernes en un rien de temps.<\/p>\n<p>Le <strong>bouton \u00e0 goupille<\/strong> est le r\u00e9sultat d'une recherche continue combin\u00e9e \u00e0 l'attention typique des productions Made in Italy et est r\u00e9alis\u00e9e avec des mat\u00e9riaux de la plus haute qualit\u00e9 pour garantir une s\u00e9curit\u00e9 maximale \u00e0 tout moment, m\u00eame avec les mains mouill\u00e9es, sans laisser d'aur\u00e9oles.<\/p>","protected":false},"excerpt":{"rendered":"<p>Minuscolo ed essenziale: ecco il pomello bagno Spillo di Polideas. Il pomello Spillo \u00e8 l\u2019ideale per chi vuole personalizzare i mobili del bagno con stile e semplicit\u00e0, sfruttando al meglio gli spazi con il minimo ingombro. Disponibile nella finitura cromato lucido, ha un diametro di soli 14 mm e, per le sue caratteristiche, si presta [&#8230;]\n","protected":false},"featured_media":7426,"comment_status":"closed","ping_status":"closed","template":"","meta":{"_acf_changed":false},"product_brand":[],"product_cat":[62,377],"product_tag":[3129,3130,3131,3132,3105,3335,3107,3331,3336,3337,3133,3112,3113,3114,3338,3115,3116,3117,3118,3328],"class_list":{"0":"post-10649","1":"product","2":"type-product","3":"status-publish","4":"has-post-thumbnail","6":"product_cat-maniglie-pomelli-bagno","7":"product_cat-maniglie-pomelli-metallo","8":"product_tag-pomello-anta-bagno","9":"product_tag-pomello-bagno","10":"product_tag-pomello-cassetto","11":"product_tag-pomello-cassetto-bagno","12":"product_tag-pomello-design","13":"product_tag-pomello-metallo","14":"product_tag-pomello-mobile","15":"product_tag-pomello-mobile-bagno","16":"product_tag-pomello-mobile-bagno-metallo","17":"product_tag-pomello-mobile-metallo","18":"product_tag-pomello-per-mobile-bagno","19":"product_tag-pomolo","20":"product_tag-pomolo-al-miglior-prezzo","21":"product_tag-pomolo-anta-mobile","22":"product_tag-pomolo-bagno-mobile","23":"product_tag-pomolo-cassettiera","24":"product_tag-pomolo-cassetto","25":"product_tag-pomolo-mobile","26":"product_tag-pomolo-mobile-arredamento","27":"product_tag-pomolo-mobile-bagno","29":"first","30":"instock","31":"taxable","32":"shipping-taxable","33":"purchasable","34":"product-type-simple"},"acf":[],"_links":{"self":[{"href":"https:\/\/www.polideas.it\/fr\/wp-json\/wp\/v2\/product\/10649","targetHints":{"allow":["GET"]}}],"collection":[{"href":"https:\/\/www.polideas.it\/fr\/wp-json\/wp\/v2\/product"}],"about":[{"href":"https:\/\/www.polideas.it\/fr\/wp-json\/wp\/v2\/types\/product"}],"replies":[{"embeddable":true,"href":"https:\/\/www.polideas.it\/fr\/wp-json\/wp\/v2\/comments?post=10649"}],"wp:featuredmedia":[{"embeddable":true,"href":"https:\/\/www.polideas.it\/fr\/wp-json\/wp\/v2\/media\/7426"}],"wp:attachment":[{"href":"https:\/\/www.polideas.it\/fr\/wp-json\/wp\/v2\/media?parent=10649"}],"wp:term":[{"taxonomy":"product_brand","embeddable":true,"href":"https:\/\/www.polideas.it\/fr\/wp-json\/wp\/v2\/product_brand?post=10649"},{"taxonomy":"product_cat","embeddable":true,"href":"https:\/\/www.polideas.it\/fr\/wp-json\/wp\/v2\/product_cat?post=10649"},{"taxonomy":"product_tag","embeddable":true,"href":"https:\/\/www.polideas.it\/fr\/wp-json\/wp\/v2\/product_tag?post=10649"}],"curies":[{"name":"wp","href":"https:\/\/api.w.org\/{rel}","templated":true}]}}