{"id":10656,"date":"2022-02-28T22:00:22","date_gmt":"2022-02-28T21:00:22","guid":{"rendered":"https:\/\/www.polideas.it\/?post_type=product&#038;p=10656"},"modified":"2024-12-19T23:08:11","modified_gmt":"2024-12-19T22:08:11","slug":"pied-darmoire-de-base","status":"publish","type":"product","link":"https:\/\/www.polideas.it\/fr\/fr-2\/les-pieds-et-les-pieds-mobiles-2\/pied-darmoire-de-base\/","title":{"rendered":"Pied de base - Pied pour meubles - H100"},"content":{"rendered":"","protected":false},"excerpt":{"rendered":"<p>Pour personnaliser les meubles et les armoires, l'id\u00e9al est d'opter pour des produits de qualit\u00e9. <strong>pieds solides et robustes<\/strong>mais qui s'int\u00e8grent parfaitement au style de la maison.<\/p>\n<p>En effet, les pieds repr\u00e9sentent ce d\u00e9tail unique et reconnaissable qui permet d'uniformiser les pi\u00e8ces sans sacrifier l'\u00e9l\u00e9gance.<\/p>\n<p><strong>Pied-de-biche de base de Polideas<\/strong> est le compl\u00e9ment id\u00e9al des meubles les plus modernes, fabriqu\u00e9s \u00e0 partir de mat\u00e9riaux innovants et pr\u00e9sentant des surfaces laqu\u00e9es brillantes dans des couleurs vives.<\/p>\n<p>Disponible en noir imprim\u00e9, <strong>Basic a trois hauteurs diff\u00e9rentes - 100 mm, 120 mm et 150 mm -.<\/strong> qui vous permettent de choisir la meilleure solution pour chaque besoin.<\/p>","protected":false},"featured_media":2936,"comment_status":"closed","ping_status":"closed","template":"","meta":{"_acf_changed":false},"product_brand":[],"product_cat":[58],"product_tag":[3358,3359,3360,3361,3362,3363,3364],"class_list":{"0":"post-10656","1":"product","2":"type-product","3":"status-publish","4":"has-post-thumbnail","6":"product_cat-piedini-e-piedi-mobili","7":"product_tag-piede-per-mobile","8":"product_tag-piedini-per-mobili","9":"product_tag-piedino-design-mobile","10":"product_tag-piedino-mobile","11":"product_tag-piedino-mobile-cucina","12":"product_tag-piedino-mobile-salotto","13":"product_tag-piedino-mobile-soggiorno","15":"first","16":"instock","17":"taxable","18":"shipping-taxable","19":"purchasable","20":"product-type-simple"},"acf":[],"_links":{"self":[{"href":"https:\/\/www.polideas.it\/fr\/wp-json\/wp\/v2\/product\/10656","targetHints":{"allow":["GET"]}}],"collection":[{"href":"https:\/\/www.polideas.it\/fr\/wp-json\/wp\/v2\/product"}],"about":[{"href":"https:\/\/www.polideas.it\/fr\/wp-json\/wp\/v2\/types\/product"}],"replies":[{"embeddable":true,"href":"https:\/\/www.polideas.it\/fr\/wp-json\/wp\/v2\/comments?post=10656"}],"wp:featuredmedia":[{"embeddable":true,"href":"https:\/\/www.polideas.it\/fr\/wp-json\/wp\/v2\/media\/2936"}],"wp:attachment":[{"href":"https:\/\/www.polideas.it\/fr\/wp-json\/wp\/v2\/media?parent=10656"}],"wp:term":[{"taxonomy":"product_brand","embeddable":true,"href":"https:\/\/www.polideas.it\/fr\/wp-json\/wp\/v2\/product_brand?post=10656"},{"taxonomy":"product_cat","embeddable":true,"href":"https:\/\/www.polideas.it\/fr\/wp-json\/wp\/v2\/product_cat?post=10656"},{"taxonomy":"product_tag","embeddable":true,"href":"https:\/\/www.polideas.it\/fr\/wp-json\/wp\/v2\/product_tag?post=10656"}],"curies":[{"name":"wp","href":"https:\/\/api.w.org\/{rel}","templated":true}]}}