{"id":10660,"date":"2022-02-28T22:00:23","date_gmt":"2022-02-28T21:00:23","guid":{"rendered":"https:\/\/www.polideas.it\/?post_type=product&#038;p=10660"},"modified":"2025-01-29T09:37:44","modified_gmt":"2025-01-29T08:37:44","slug":"poignee-de-cuisine-soul-carree-moulee-noire","status":"publish","type":"product","link":"https:\/\/www.polideas.it\/fr\/fr-2\/boutons-de-cuisine-poignees\/poignee-de-cuisine-soul-carree-moulee-noire\/","title":{"rendered":"Poign\u00e9e de cuisine carr\u00e9e - Ame carr\u00e9e - Poign\u00e9e d'armoire de cuisine - Noir moul\u00e9"},"content":{"rendered":"<p>Assure une prise optimale de la poign\u00e9e de la cuisine <strong>Square Soul de Polideas<\/strong>Con\u00e7ue pour optimiser l'espace et minimiser l'encombrement, elle conserve un style unique et raffin\u00e9.<\/p>\n<p>Gr\u00e2ce \u00e0 son <strong>un style minimaliste et intemporel<\/strong>C'est le compl\u00e9ment parfait pour les cuisines classiques qui ont besoin d'une touche de nouveaut\u00e9 et pour les cuisines plus modernes qui veulent r\u00e9chauffer l'atmosph\u00e8re et la rendre plus chaleureuse.<\/p>\n<p><strong>Disponible en version imprim\u00e9e en blanc, en noir et en transparent,<\/strong> est id\u00e9ale pour ceux qui aiment jouer avec les nuances de base et souhaitent une cuisine lin\u00e9aire et sophistiqu\u00e9e.<\/p>\n<p>D'une largeur de 45 mm et d'une profondeur de 25 mm, <strong>la poign\u00e9e Square Soul <\/strong>s'int\u00e8gre parfaitement dans les meubles encastr\u00e9s ou non, tout en restant confortable \u00e0 utiliser.<\/p>\n<p>&nbsp;<\/p>","protected":false},"excerpt":{"rendered":"<p>&nbsp;<\/p>\n<p>&nbsp;<\/p>","protected":false},"featured_media":11760,"comment_status":"closed","ping_status":"closed","template":"","meta":{"_acf_changed":false},"product_brand":[],"product_cat":[37],"product_tag":[3149,3150,3151,3152,3153,3154,3155,3156,3199,3100,3159,3160,3161,3162],"class_list":{"0":"post-10660","1":"product","2":"type-product","3":"status-publish","4":"has-post-thumbnail","6":"product_cat-maniglie-pomelli-cucina","7":"product_tag-maniglia","8":"product_tag-maniglia-anta-cucina","9":"product_tag-maniglia-anta-mobile","10":"product_tag-maniglia-cassettiera","11":"product_tag-maniglia-cassetto","12":"product_tag-maniglia-cassetto-cucina","13":"product_tag-maniglia-cucina","14":"product_tag-maniglia-design","15":"product_tag-maniglia-interasse-32-mm","16":"product_tag-maniglia-mobile","17":"product_tag-maniglia-mobile-al-miglior-prezzo","18":"product_tag-maniglia-mobile-arredamento","19":"product_tag-maniglia-per-mobile-cucina","20":"product_tag-maniglie-colorate","22":"first","23":"instock","24":"taxable","25":"shipping-taxable","26":"purchasable","27":"product-type-simple"},"acf":[],"_links":{"self":[{"href":"https:\/\/www.polideas.it\/fr\/wp-json\/wp\/v2\/product\/10660","targetHints":{"allow":["GET"]}}],"collection":[{"href":"https:\/\/www.polideas.it\/fr\/wp-json\/wp\/v2\/product"}],"about":[{"href":"https:\/\/www.polideas.it\/fr\/wp-json\/wp\/v2\/types\/product"}],"replies":[{"embeddable":true,"href":"https:\/\/www.polideas.it\/fr\/wp-json\/wp\/v2\/comments?post=10660"}],"wp:featuredmedia":[{"embeddable":true,"href":"https:\/\/www.polideas.it\/fr\/wp-json\/wp\/v2\/media\/11760"}],"wp:attachment":[{"href":"https:\/\/www.polideas.it\/fr\/wp-json\/wp\/v2\/media?parent=10660"}],"wp:term":[{"taxonomy":"product_brand","embeddable":true,"href":"https:\/\/www.polideas.it\/fr\/wp-json\/wp\/v2\/product_brand?post=10660"},{"taxonomy":"product_cat","embeddable":true,"href":"https:\/\/www.polideas.it\/fr\/wp-json\/wp\/v2\/product_cat?post=10660"},{"taxonomy":"product_tag","embeddable":true,"href":"https:\/\/www.polideas.it\/fr\/wp-json\/wp\/v2\/product_tag?post=10660"}],"curies":[{"name":"wp","href":"https:\/\/api.w.org\/{rel}","templated":true}]}}