{"id":10666,"date":"2022-02-28T22:00:23","date_gmt":"2022-02-28T21:00:23","guid":{"rendered":"https:\/\/www.polideas.it\/?post_type=product&#038;p=10666"},"modified":"2025-07-22T16:14:14","modified_gmt":"2025-07-22T14:14:14","slug":"vie-poignee-de-cuisine-et-poignee-darmoire-de-cuisine","status":"publish","type":"product","link":"https:\/\/www.polideas.it\/fr\/fr-2\/boutons-de-cuisine-poignees\/vie-poignee-de-cuisine-et-poignee-darmoire-de-cuisine\/","title":{"rendered":"Poign\u00e9e de cuisine Life E - Poign\u00e9e de cuisine"},"content":{"rendered":"<p>Minimal, carr\u00e9, essentiel : <strong>la poign\u00e9e de cuisine Life E de Polideas<\/strong> est la solution id\u00e9ale pour compl\u00e9ter simplement et \u00e9l\u00e9gamment vos meubles de cuisine, en les r\u00e9novant en quelques \u00e9tapes simples.<\/p>\n<p>Robuste et s\u00fbr, malgr\u00e9 sa ligne \u00e9lanc\u00e9e, le <strong>poign\u00e9e Life E<\/strong> est une poign\u00e9e \u00e9ternelle qui s'int\u00e8gre parfaitement dans les cuisines classiques et modernes, dont elle rehausse les lignes et les couleurs.<\/p>\n<p><strong>Disponible avec l'\u00e9l\u00e9gant abat-jour effet nickel, <\/strong>se marie parfaitement avec des meubles simples et modernes, mais aussi avec des surfaces plus sophistiqu\u00e9es et \u00e9labor\u00e9es, typiques des cuisines traditionnelles.<\/p>\n<p>244 mm de large et 20 mm de haut, <strong>la poign\u00e9e Life E<\/strong> est extr\u00eamement confortable \u00e0 tenir et donne un \u00e9clat instantan\u00e9 aux portes et aux tiroirs, en renouvelant leur design avec simplicit\u00e9.<\/p>","protected":false},"excerpt":{"rendered":"<p>Minimal, squadrata, essenziale: la maniglia cucina Life E di Polideas \u00e8 la soluzione ideale per completare in modo semplice ed elegante i mobili della cucina, rinnovandoli in pochi semplici step. Robusta e sicura, nonostante la linea sottile, la maniglia Life E \u00e8 una maniglia evergreen che si adatta perfettamente sia alle cucine classiche che a [&#8230;]\n","protected":false},"featured_media":7420,"comment_status":"closed","ping_status":"closed","template":"","meta":{"_acf_changed":false},"product_brand":[],"product_cat":[37,377],"product_tag":[3149,3200,3150,3151,3209,3152,3153,3154,3155,3156,3366,3365,3100,3159,3160,3189,3161],"class_list":{"0":"post-10666","1":"product","2":"type-product","3":"status-publish","4":"has-post-thumbnail","6":"product_cat-maniglie-pomelli-cucina","7":"product_cat-maniglie-pomelli-metallo","8":"product_tag-maniglia","9":"product_tag-maniglia-anta","10":"product_tag-maniglia-anta-cucina","11":"product_tag-maniglia-anta-mobile","12":"product_tag-maniglia-arredo","13":"product_tag-maniglia-cassettiera","14":"product_tag-maniglia-cassetto","15":"product_tag-maniglia-cassetto-cucina","16":"product_tag-maniglia-cucina","17":"product_tag-maniglia-design","18":"product_tag-maniglia-interasse-224mm","19":"product_tag-maniglia-metallo","20":"product_tag-maniglia-mobile","21":"product_tag-maniglia-mobile-al-miglior-prezzo","22":"product_tag-maniglia-mobile-arredamento","23":"product_tag-maniglia-mobile-cucina","24":"product_tag-maniglia-per-mobile-cucina","26":"first","27":"instock","28":"taxable","29":"shipping-taxable","30":"purchasable","31":"product-type-simple"},"acf":[],"_links":{"self":[{"href":"https:\/\/www.polideas.it\/fr\/wp-json\/wp\/v2\/product\/10666","targetHints":{"allow":["GET"]}}],"collection":[{"href":"https:\/\/www.polideas.it\/fr\/wp-json\/wp\/v2\/product"}],"about":[{"href":"https:\/\/www.polideas.it\/fr\/wp-json\/wp\/v2\/types\/product"}],"replies":[{"embeddable":true,"href":"https:\/\/www.polideas.it\/fr\/wp-json\/wp\/v2\/comments?post=10666"}],"wp:featuredmedia":[{"embeddable":true,"href":"https:\/\/www.polideas.it\/fr\/wp-json\/wp\/v2\/media\/7420"}],"wp:attachment":[{"href":"https:\/\/www.polideas.it\/fr\/wp-json\/wp\/v2\/media?parent=10666"}],"wp:term":[{"taxonomy":"product_brand","embeddable":true,"href":"https:\/\/www.polideas.it\/fr\/wp-json\/wp\/v2\/product_brand?post=10666"},{"taxonomy":"product_cat","embeddable":true,"href":"https:\/\/www.polideas.it\/fr\/wp-json\/wp\/v2\/product_cat?post=10666"},{"taxonomy":"product_tag","embeddable":true,"href":"https:\/\/www.polideas.it\/fr\/wp-json\/wp\/v2\/product_tag?post=10666"}],"curies":[{"name":"wp","href":"https:\/\/api.w.org\/{rel}","templated":true}]}}