{"id":10674,"date":"2022-02-28T22:00:45","date_gmt":"2022-02-28T21:00:45","guid":{"rendered":"https:\/\/www.polideas.it\/?post_type=product&#038;p=10674"},"modified":"2025-03-20T07:02:48","modified_gmt":"2025-03-20T06:02:48","slug":"poignee-de-meuble-de-cuisine-grande-et-incurvee","status":"publish","type":"product","link":"https:\/\/www.polideas.it\/fr\/fr-2\/boutons-de-cuisine-poignees\/poignee-de-meuble-de-cuisine-grande-et-incurvee\/","title":{"rendered":"Poign\u00e9e de cuisine Curvy Big - Poign\u00e9e de meuble de cuisine"},"content":{"rendered":"<p>Minimal et sinueux, <strong>la poign\u00e9e de cuisine Curvy Big de Polideas<\/strong> revisite le concept de la poign\u00e9e en mettant l'accent sur l'optimisation de l'espace, tout en restant large et solide.<\/p>\n<p>En garantissant un faible encombrement en termes de profondeur, la <strong>poign\u00e9e Curvy Big <\/strong>est id\u00e9al pour ceux qui ont une cuisine pas trop grande ou qui veulent quand m\u00eame profiter de l'espace sans que les boutons et les poign\u00e9es ne les g\u00eanent dans leurs mouvements.<\/p>\n<p><strong>Disponible en chrome poli, <\/strong>est excellent pour tous les types de meubles, m\u00eame les plus grands et les plus robustes.<\/p>\n<p>Une largeur impressionnante de 252 mm et une hauteur de 17 mm, <strong>la grande poign\u00e9e Curvy <\/strong>a une profondeur de seulement 27 mm, une caract\u00e9ristique qui lui permet une prise en main s\u00fbre et ergonomique tout en restant extr\u00eamement \u00e9l\u00e9gante.<\/p>","protected":false},"excerpt":{"rendered":"<p>Minimal e sinuosa, la maniglia cucina Curvy Big di Polideas rivisita il concetto di maniglia puntando molto all\u2019ottimizzazione degli spazi, pur restando ampia e solida. Assicurando un ingombro contenuto in termini di profondit\u00e0, la maniglia Curvy Big \u00e8 l\u2019ideale per chi ha una cucina non troppo ampia o ha comunque voglia di sfruttare al meglio [&#8230;]\n","protected":false},"featured_media":7399,"comment_status":"closed","ping_status":"closed","template":"","meta":{"_acf_changed":false},"product_brand":[],"product_cat":[37,377],"product_tag":[3149,3150,3151,3209,3152,3153,3154,3155,3156,3377,3365,3378,3100,3159,3160,3189,3161],"class_list":{"0":"post-10674","1":"product","2":"type-product","3":"status-publish","4":"has-post-thumbnail","6":"product_cat-maniglie-pomelli-cucina","7":"product_cat-maniglie-pomelli-metallo","8":"product_tag-maniglia","9":"product_tag-maniglia-anta-cucina","10":"product_tag-maniglia-anta-mobile","11":"product_tag-maniglia-arredo","12":"product_tag-maniglia-cassettiera","13":"product_tag-maniglia-cassetto","14":"product_tag-maniglia-cassetto-cucina","15":"product_tag-maniglia-cucina","16":"product_tag-maniglia-design","17":"product_tag-maniglia-interasse-225mm","18":"product_tag-maniglia-metallo","19":"product_tag-maniglia-metallo-mobile","20":"product_tag-maniglia-mobile","21":"product_tag-maniglia-mobile-al-miglior-prezzo","22":"product_tag-maniglia-mobile-arredamento","23":"product_tag-maniglia-mobile-cucina","24":"product_tag-maniglia-per-mobile-cucina","26":"first","27":"instock","28":"taxable","29":"shipping-taxable","30":"purchasable","31":"product-type-simple"},"acf":[],"_links":{"self":[{"href":"https:\/\/www.polideas.it\/fr\/wp-json\/wp\/v2\/product\/10674","targetHints":{"allow":["GET"]}}],"collection":[{"href":"https:\/\/www.polideas.it\/fr\/wp-json\/wp\/v2\/product"}],"about":[{"href":"https:\/\/www.polideas.it\/fr\/wp-json\/wp\/v2\/types\/product"}],"replies":[{"embeddable":true,"href":"https:\/\/www.polideas.it\/fr\/wp-json\/wp\/v2\/comments?post=10674"}],"wp:featuredmedia":[{"embeddable":true,"href":"https:\/\/www.polideas.it\/fr\/wp-json\/wp\/v2\/media\/7399"}],"wp:attachment":[{"href":"https:\/\/www.polideas.it\/fr\/wp-json\/wp\/v2\/media?parent=10674"}],"wp:term":[{"taxonomy":"product_brand","embeddable":true,"href":"https:\/\/www.polideas.it\/fr\/wp-json\/wp\/v2\/product_brand?post=10674"},{"taxonomy":"product_cat","embeddable":true,"href":"https:\/\/www.polideas.it\/fr\/wp-json\/wp\/v2\/product_cat?post=10674"},{"taxonomy":"product_tag","embeddable":true,"href":"https:\/\/www.polideas.it\/fr\/wp-json\/wp\/v2\/product_tag?post=10674"}],"curies":[{"name":"wp","href":"https:\/\/api.w.org\/{rel}","templated":true}]}}