{"id":10709,"date":"2022-02-28T22:01:10","date_gmt":"2022-02-28T21:01:10","guid":{"rendered":"https:\/\/www.polideas.it\/?post_type=product&#038;p=10709"},"modified":"2025-01-29T11:30:19","modified_gmt":"2025-01-29T10:30:19","slug":"profil-dune-petite-poignee-design-mobile","status":"publish","type":"product","link":"https:\/\/www.polideas.it\/fr\/fr-2\/poignees-de-salon\/profil-dune-petite-poignee-design-mobile\/","title":{"rendered":"Poign\u00e9e Profil A Petit - Poign\u00e9e Design Mobile"},"content":{"rendered":"<p>Court, essentiel et compact : c'est le <strong>poign\u00e9e<\/strong> <strong>Profil A Petit<\/strong> <strong>de Polideas<\/strong>.<\/p>\n<p>Combinez style et praticit\u00e9, <strong>Profil A Petit<\/strong> est destin\u00e9 \u00e0 ceux qui souhaitent personnaliser le mobilier de la chambre \u00e0 coucher, de l'entr\u00e9e et de l'espace de vie de mani\u00e8re essentielle, en minimisant l'encombrement gr\u00e2ce \u00e0 son format vraiment miniature, tout en restant solide et s\u00fbr dans sa prise en main.<\/p>\n<p>Disponible dans le <strong>finition effet aluminium<\/strong>a une largeur de 123 mm et une hauteur de seulement 9 mm, ce qui en fait le compl\u00e9ment id\u00e9al pour redonner vie aux petits meubles de la maison, aux tiroirs et aux commodes en particulier.<\/p>\n<p>La <strong>poign\u00e9e Profil A Petit <\/strong>est le r\u00e9sultat d'une recherche continue combin\u00e9e \u00e0 l'attention typique des productions Made in Italy et est fabriqu\u00e9 avec des mat\u00e9riaux de premi\u00e8re qualit\u00e9 pour garantir une s\u00e9curit\u00e9 maximale \u00e0 tout moment.<\/p>","protected":false},"excerpt":{"rendered":"<p>Corta, essenziale e compatta: \u00e8 la maniglia Profile A Small di Polideas. Coniugando stile e praticit\u00e0 d\u2019uso, Profile A Small \u00e8 dedicata a chi desidera personalizzare i mobili della camera da letto, dell\u2019ingresso e della zona living in maniera essenziale, riducendo al minimo gli ingombri grazie al formato davvero mini, ma sempre solido e sicuro [&#8230;]\n","protected":false},"featured_media":14592,"comment_status":"closed","ping_status":"closed","template":"","meta":{"_acf_changed":false},"product_brand":[],"product_cat":[47],"product_tag":[3149,3200,3151,3173,3174,3209,3205,3152,3153,3175,3156,3193,3100,3159,3160,3211,3177,3178,3179],"class_list":{"0":"post-10709","1":"product","2":"type-product","3":"status-publish","4":"has-post-thumbnail","6":"product_cat-maniglie-pomelli-camera-soggiorno","7":"product_tag-maniglia","8":"product_tag-maniglia-anta","9":"product_tag-maniglia-anta-mobile","10":"product_tag-maniglia-anta-mobile-soggiorno","11":"product_tag-maniglia-anta-soggiorno","12":"product_tag-maniglia-arredo","13":"product_tag-maniglia-camera","14":"product_tag-maniglia-cassettiera","15":"product_tag-maniglia-cassetto","16":"product_tag-maniglia-cassetto-soggiorno","17":"product_tag-maniglia-design","18":"product_tag-maniglia-interasse-96mm","19":"product_tag-maniglia-mobile","20":"product_tag-maniglia-mobile-al-miglior-prezzo","21":"product_tag-maniglia-mobile-arredamento","22":"product_tag-maniglia-mobile-camera","23":"product_tag-maniglia-mobile-soggiorno","24":"product_tag-maniglia-per-mobile-soggiorno","25":"product_tag-maniglia-soggiorno","27":"first","28":"instock","29":"taxable","30":"shipping-taxable","31":"purchasable","32":"product-type-simple"},"acf":[],"_links":{"self":[{"href":"https:\/\/www.polideas.it\/fr\/wp-json\/wp\/v2\/product\/10709","targetHints":{"allow":["GET"]}}],"collection":[{"href":"https:\/\/www.polideas.it\/fr\/wp-json\/wp\/v2\/product"}],"about":[{"href":"https:\/\/www.polideas.it\/fr\/wp-json\/wp\/v2\/types\/product"}],"replies":[{"embeddable":true,"href":"https:\/\/www.polideas.it\/fr\/wp-json\/wp\/v2\/comments?post=10709"}],"wp:featuredmedia":[{"embeddable":true,"href":"https:\/\/www.polideas.it\/fr\/wp-json\/wp\/v2\/media\/14592"}],"wp:attachment":[{"href":"https:\/\/www.polideas.it\/fr\/wp-json\/wp\/v2\/media?parent=10709"}],"wp:term":[{"taxonomy":"product_brand","embeddable":true,"href":"https:\/\/www.polideas.it\/fr\/wp-json\/wp\/v2\/product_brand?post=10709"},{"taxonomy":"product_cat","embeddable":true,"href":"https:\/\/www.polideas.it\/fr\/wp-json\/wp\/v2\/product_cat?post=10709"},{"taxonomy":"product_tag","embeddable":true,"href":"https:\/\/www.polideas.it\/fr\/wp-json\/wp\/v2\/product_tag?post=10709"}],"curies":[{"name":"wp","href":"https:\/\/api.w.org\/{rel}","templated":true}]}}