{"id":10726,"date":"2022-02-28T22:01:34","date_gmt":"2022-02-28T21:01:34","guid":{"rendered":"https:\/\/www.polideas.it\/?post_type=product&#038;p=10726"},"modified":"2026-03-10T12:10:09","modified_gmt":"2026-03-10T11:10:09","slug":"armoire-de-salle-de-bains-a-tiroirs-a-3-compartiments","status":"publish","type":"product","link":"https:\/\/www.polideas.it\/fr\/fr-2\/poignees-boutons-de-salle-de-bain\/armoire-de-salle-de-bains-a-tiroirs-a-3-compartiments\/","title":{"rendered":"Armoire de salle de bain \u00e0 3 compartiments - armoire de salle de bain organiseur de tiroirs"},"content":{"rendered":"<p>Voici le compl\u00e9ment id\u00e9al pour ranger \u00e0 tout moment vos accessoires et articles de toilette, mais aussi votre maquillage : le <strong>Salle de bains \u00e0 3 compartiments de Polideas.<\/strong><\/p>\n<p>D'un style essentiel et d'une praticit\u00e9 imbattable, il a <strong>3 compartiments spacieux et confortables<\/strong> de diff\u00e9rentes tailles o\u00f9 vous pouvez ranger les savons, les produits d'hygi\u00e8ne et les petits accessoires, tout en les gardant bien rang\u00e9s et s\u00e9par\u00e9s les uns des autres.<\/p>\n<p>Parfait pour \u00eatre toujours \u00e0 port\u00e9e de main sur l'\u00e9vier ou sur le bord de la baignoire, le <strong>Salle de bain \u00e0 3 compartiments<\/strong> est \u00e9galement id\u00e9al pour \u00eatre rang\u00e9 dans un tiroir et sorti en cas de besoin.<\/p>\n<p>El\u00e9gant, dans sa teinte transparente \u00e0 effet verre fum\u00e9, il est volumineux mais peu encombrant gr\u00e2ce \u00e0 une largeur de 300 mm.<\/p>","protected":false},"excerpt":{"rendered":"<p>Ecco il complemento perfetto per tenere sempre in ordine gli accessori e i prodotti da bagno, ma anche il make up: \u00e8 il box bagno 3 comparti di Polideas. Con uno stile essenziale e una praticit\u00e0 imbattibile, ha 3 ampi e comodi comparti di differenti dimensioni dove riporre saponi, prodotti per l\u2019igiene e piccoli accessori, [&#8230;]\n","protected":false},"featured_media":3390,"comment_status":"closed","ping_status":"closed","template":"","meta":{"_acf_changed":false},"product_brand":[],"product_cat":[2012,62],"product_tag":[3456,3415,3416,3458,3459,3460,3419,3461,3422],"class_list":{"0":"post-10726","1":"product","2":"type-product","3":"status-publish","4":"has-post-thumbnail","6":"product_cat-complementi-di-arredo","7":"product_cat-maniglie-pomelli-bagno","8":"product_tag-accessori-cassetti-bagno","9":"product_tag-box-cassettiera","10":"product_tag-box-prodotti-bagno-cassetto","11":"product_tag-contenitore-prodotti-bagno-cassetto","12":"product_tag-divisori-cassetti-bagno","13":"product_tag-divisori-cassetto-bagno","14":"product_tag-divisorio-cassetto","15":"product_tag-organizer-cassetto-bagno","16":"product_tag-organizer-per-cassetti","18":"first","19":"instock","20":"taxable","21":"shipping-taxable","22":"purchasable","23":"product-type-simple"},"acf":[],"_links":{"self":[{"href":"https:\/\/www.polideas.it\/fr\/wp-json\/wp\/v2\/product\/10726","targetHints":{"allow":["GET"]}}],"collection":[{"href":"https:\/\/www.polideas.it\/fr\/wp-json\/wp\/v2\/product"}],"about":[{"href":"https:\/\/www.polideas.it\/fr\/wp-json\/wp\/v2\/types\/product"}],"replies":[{"embeddable":true,"href":"https:\/\/www.polideas.it\/fr\/wp-json\/wp\/v2\/comments?post=10726"}],"wp:featuredmedia":[{"embeddable":true,"href":"https:\/\/www.polideas.it\/fr\/wp-json\/wp\/v2\/media\/3390"}],"wp:attachment":[{"href":"https:\/\/www.polideas.it\/fr\/wp-json\/wp\/v2\/media?parent=10726"}],"wp:term":[{"taxonomy":"product_brand","embeddable":true,"href":"https:\/\/www.polideas.it\/fr\/wp-json\/wp\/v2\/product_brand?post=10726"},{"taxonomy":"product_cat","embeddable":true,"href":"https:\/\/www.polideas.it\/fr\/wp-json\/wp\/v2\/product_cat?post=10726"},{"taxonomy":"product_tag","embeddable":true,"href":"https:\/\/www.polideas.it\/fr\/wp-json\/wp\/v2\/product_tag?post=10726"}],"curies":[{"name":"wp","href":"https:\/\/api.w.org\/{rel}","templated":true}]}}